{"id":5237,"date":"2023-04-04T11:29:04","date_gmt":"2023-04-04T09:29:04","guid":{"rendered":"https:\/\/kredit-baufinanzierung-radke.de\/kfw-darlehen-finanzierung\/"},"modified":"2026-01-05T09:27:13","modified_gmt":"2026-01-05T08:27:13","slug":"kfw-darlehen-finanzierung","status":"publish","type":"page","link":"https:\/\/cf-finanz.de\/es\/kfw-darlehen-finanzierung\/","title":{"rendered":"KFW-Darlehen-Finanzierung"},"content":{"rendered":"<div data-elementor-type=\"wp-page\" data-elementor-id=\"5237\" class=\"elementor elementor-5237\" data-elementor-post-type=\"page\">\n\t\t\t\t<div class=\"elementor-element elementor-element-3ccd5cd5 e-con-full e-flex e-con e-parent\" data-id=\"3ccd5cd5\" data-element_type=\"container\" data-settings=\"{&quot;background_background&quot;:&quot;classic&quot;}\">\n\t\t\t\t<\/div>\n\t\t<div class=\"elementor-element elementor-element-31cc1425 e-flex e-con-boxed e-con e-parent\" data-id=\"31cc1425\" data-element_type=\"container\">\n\t\t\t\t\t<div class=\"e-con-inner\">\n\t\t<div class=\"elementor-element elementor-element-410b8f44 e-con-full e-flex e-con e-child\" data-id=\"410b8f44\" data-element_type=\"container\">\n\t\t\t\t<div class=\"elementor-element elementor-element-7d17a41b elementor-widget elementor-widget-elementskit-heading\" data-id=\"7d17a41b\" data-element_type=\"widget\" data-widget_type=\"elementskit-heading.default\">\n\t\t\t\t\t<div class=\"ekit-wid-con\" ><div class=\"ekit-heading elementskit-section-title-wraper text_left   ekit_heading_tablet-   ekit_heading_mobile-\"><h1 class=\"ekit-heading--title elementskit-section-title\">KFW Loan<\/h1>\t\t\t\t<div class='ekit-heading__description'>\n\t\t\t\t\t<p>y el medio ambiente. Ofrece varios pr\u00e9stamos, incluido el pr\u00e9stamo KFW, que puede utilizarse para diversos fines, por ejemplo para la financiaci\u00f3n de bienes inmuebles o la compra de m\u00e1quinas y equipos.<\/p>\n\t\t\t\t<\/div>\n\t\t\t<\/div><\/div>\t\t\t\t<\/div>\n\t\t\t\t<\/div>\n\t\t\t\t\t<\/div>\n\t\t\t\t<\/div>\n\t\t<div class=\"elementor-element elementor-element-1596e2e3 e-flex e-con-boxed e-con e-parent\" data-id=\"1596e2e3\" data-element_type=\"container\" data-settings=\"{&quot;background_background&quot;:&quot;classic&quot;}\">\n\t\t\t\t\t<div class=\"e-con-inner\">\n\t\t<div class=\"elementor-element elementor-element-40c8e566 e-con-full e-flex e-con e-child\" data-id=\"40c8e566\" data-element_type=\"container\">\n\t\t\t\t<div class=\"elementor-element elementor-element-993e500 elementor-widget elementor-widget-heading\" data-id=\"993e500\" data-element_type=\"widget\" data-widget_type=\"heading.default\">\n\t\t\t\t\t<h2 class=\"elementor-heading-title elementor-size-default\">CF Finanz es una forma especial de pr\u00e9stamo KFW.<\/h2>\t\t\t\t<\/div>\n\t\t\t\t<div class=\"elementor-element elementor-element-247252cf elementor-widget elementor-widget-text-editor\" data-id=\"247252cf\" data-element_type=\"widget\" data-widget_type=\"text-editor.default\">\n\t\t\t\t\t\t\t\t\t<p>Est\u00e1 dise\u00f1ado espec\u00edficamente para financiar medidas de eficiencia energ\u00e9tica que contribuyan a reducir las emisiones de CO2 y a proteger el medio ambiente. Puede ser utilizado por empresas y particulares que deseen ahorrar energ\u00eda. CF Finanz puede interesar tanto a empresas como a particulares que deseen ahorrar energ\u00eda y reducir las emisiones de CO2. Est\u00e1 espec\u00edficamente dise\u00f1ado para financiar medidas de eficiencia energ\u00e9tica y ofrece la posibilidad de recibir subvenciones estatales. Para solicitar esta financiaci\u00f3n, debe consultar a un asesor que le ayude a identificar las medidas adecuadas y a presentar la solicitud. En general, esta financiaci\u00f3n ofrece una buena alternativa a los pr\u00e9stamos convencionales.<\/p><p>Para solicitar un pr\u00e9stamo como la financiaci\u00f3n \u201cRadke\u201d, primero debe consultar a un asesor energ\u00e9tico que le acompa\u00f1e con consejos y le ayude a identificar las medidas adecuadas para usted. Un asesor energ\u00e9tico tambi\u00e9n puede ayudarle con la solicitud del pr\u00e9stamo y asegurarse de que presenta los documentos necesarios.<\/p><p>Existen varios programas de subvenciones asociados con la financiaci\u00f3n \u201cRadke\u201d. Por ejemplo, puede recibir una subvenci\u00f3n para la instalaci\u00f3n de sistemas solares t\u00e9rmicos o fotovoltaicos, para el aislamiento de edificios o para la sustituci\u00f3n de antiguos sistemas de calefacci\u00f3n por sistemas de ahorro energ\u00e9tico. El importe de la subvenci\u00f3n depende del tipo de medida y de la situaci\u00f3n financiera del solicitante.<\/p><p>En general, la financiaci\u00f3n \u201cRadke\u201d ofrece una buena posibilidad de financiar medidas de eficiencia energ\u00e9tica y de beneficiarse de subvenciones gubernamentales. Puede ser igualmente interesante para empresas y particulares y es una buena alternativa a los pr\u00e9stamos convencionales. Si est\u00e1 interesado en un pr\u00e9stamo KFW, sin duda debe consultar a un asesor que pueda ayudarle con la solicitud. Un asesor tambi\u00e9n puede ayudarle a encontrar la financiaci\u00f3n adecuada, como la \u201cRadke\u201d, para sus necesidades de cr\u00e9dito.<\/p>\t\t\t\t\t\t\t\t<\/div>\n\t\t\t\t<\/div>\n\t\t\t\t\t<\/div>\n\t\t\t\t<\/div>\n\t\t<div class=\"elementor-element elementor-element-59e7fbe3 e-flex e-con-boxed e-con e-parent\" data-id=\"59e7fbe3\" data-element_type=\"container\">\n\t\t\t\t\t<div class=\"e-con-inner\">\n\t\t<div class=\"elementor-element elementor-element-77e857a9 e-con-full e-flex e-con e-child\" data-id=\"77e857a9\" data-element_type=\"container\">\n\t\t\t\t<div class=\"elementor-element elementor-element-23b51e03 elementor-widget elementor-widget-heading\" data-id=\"23b51e03\" data-element_type=\"widget\" data-widget_type=\"heading.default\">\n\t\t\t\t\t<h2 class=\"elementor-heading-title elementor-size-default\">En resumen<\/h2>\t\t\t\t<\/div>\n\t\t\t\t<div class=\"elementor-element elementor-element-1b2d1cba elementor-widget elementor-widget-text-editor\" data-id=\"1b2d1cba\" data-element_type=\"widget\" data-widget_type=\"text-editor.default\">\n\t\t\t\t\t\t\t\t\t<ul><li>El banco KFW es un banco estatal en Alemania<\/li><li>Promueve la econom\u00eda y el medio ambiente<\/li><li>El pr\u00e9stamo KFW puede utilizarse para diversos fines, p. ej., para la financiaci\u00f3n de bienes inmuebles o la compra de m\u00e1quinas y equipos<\/li><li>CF Finanz est\u00e1 especializada en la financiaci\u00f3n de proyectos de eficiencia energ\u00e9tica. <br \/>eficiencia energ\u00e9tica<\/li><li>Para solicitar un \u201cpr\u00e9stamo\u201d hay que consultar a un \u201casesor\u201d<\/li><li>Hay varios programas de financiaci\u00f3n disponibles en relaci\u00f3n con la financiaci\u00f3n del FC<br \/>\u201cRadke\u201d<\/li><li>CF Finanz es una buena manera de financiar medidas de eficiencia energ\u00e9tica. <br \/>y de beneficiarse de subvenciones gubernamentales<\/li><li>Puede ser igualmente interesante para empresas y particulares<\/li><li>Sin duda debe consultar a un asesor si est\u00e1 interesado en <br \/>un pr\u00e9stamo KFW.<\/li><\/ul>\t\t\t\t\t\t\t\t<\/div>\n\t\t\t\t<\/div>\n\t\t\t\t\t<\/div>\n\t\t\t\t<\/div>\n\t\t<div class=\"elementor-element elementor-element-525f52b4 e-flex e-con-boxed e-con e-parent\" data-id=\"525f52b4\" data-element_type=\"container\" data-settings=\"{&quot;background_background&quot;:&quot;classic&quot;}\">\n\t\t\t\t\t<div class=\"e-con-inner\">\n\t\t\t\t<div class=\"elementor-element elementor-element-43ec312a elementor-widget elementor-widget-elementskit-heading\" data-id=\"43ec312a\" data-element_type=\"widget\" data-widget_type=\"elementskit-heading.default\">\n\t\t\t\t\t<div class=\"ekit-wid-con\" ><div class=\"ekit-heading elementskit-section-title-wraper text_center   ekit_heading_tablet-   ekit_heading_mobile-\"><h2 class=\"ekit-heading--title elementskit-section-title\">Nuestras <span><span>soluciones<\/span><\/span> para sus <span><span>problemas <\/span><\/span><\/h2><h3 class=\"ekit-heading--subtitle elementskit-section-subtitle\">\n\t\t\t\t\t\tConcertar una consulta gratuita\n\t\t\t\t\t<\/h3><\/div><\/div>\t\t\t\t<\/div>\n\t\t\t\t<div class=\"elementor-element elementor-element-52305397 elementor-align-center elementor-widget elementor-widget-button\" data-id=\"52305397\" data-element_type=\"widget\" data-widget_type=\"button.default\">\n\t\t\t\t\t\t\t\t\t\t<a class=\"elementor-button elementor-button-link elementor-size-sm\" href=\"https:\/\/calendly.com\/cf-finanz\">\n\t\t\t\t\t\t<span class=\"elementor-button-content-wrapper\">\n\t\t\t\t\t\t\t\t\t<span class=\"elementor-button-text\">Concertar ahora<\/span>\n\t\t\t\t\t<\/span>\n\t\t\t\t\t<\/a>\n\t\t\t\t\t\t\t\t<\/div>\n\t\t\t\t\t<\/div>\n\t\t\t\t<\/div>\n\t\t<div class=\"elementor-element elementor-element-3461079a e-flex e-con-boxed e-con e-parent\" data-id=\"3461079a\" data-element_type=\"container\" data-settings=\"{&quot;background_background&quot;:&quot;classic&quot;}\">\n\t\t\t\t\t<div class=\"e-con-inner\">\n\t\t\t\t<div class=\"elementor-element elementor-element-2e6428c0 elementor-widget elementor-widget-elementskit-heading\" data-id=\"2e6428c0\" data-element_type=\"widget\" data-widget_type=\"elementskit-heading.default\">\n\t\t\t\t\t<div class=\"ekit-wid-con\" ><div class=\"ekit-heading elementskit-section-title-wraper text_center   ekit_heading_tablet-   ekit_heading_mobile-\"><h2 class=\"ekit-heading--title elementskit-section-title\">Comprobar finanzas y documentos c\u00f3modamente desde el sof\u00e1?<\/h2><\/div><\/div>\t\t\t\t<\/div>\n\t\t\t\t\t<\/div>\n\t\t\t\t<\/div>\n\t\t<div class=\"elementor-element elementor-element-16800325 e-flex e-con-boxed e-con e-parent\" data-id=\"16800325\" data-element_type=\"container\" data-settings=\"{&quot;background_background&quot;:&quot;classic&quot;}\">\n\t\t\t\t\t<div class=\"e-con-inner\">\n\t\t<div class=\"elementor-element elementor-element-1ec4bd04 e-con-full e-flex e-con e-child\" data-id=\"1ec4bd04\" data-element_type=\"container\">\n\t\t\t\t<div class=\"elementor-element elementor-element-72ac1f58 ekit-equal-height-disable elementor-widget elementor-widget-elementskit-icon-box\" data-id=\"72ac1f58\" data-element_type=\"widget\" data-widget_type=\"elementskit-icon-box.default\">\n\t\t\t\t\t<div class=\"ekit-wid-con\" >        <!-- link opening -->\n                <!-- end link opening -->\n\n        <div class=\"elementskit-infobox text-center text- icon-top-align elementor-animation-\">\n                    <div class=\"elementskit-box-header elementor-animation-\">\n                <div class=\"elementskit-info-box-icon\">\n                    <i aria-hidden=\"true\" class=\"elementkit-infobox-icon icon icon-calculator1\"><\/i>\n                <\/div>\n          <\/div>\n                        <div class=\"box-body\">\n                            <h3 class=\"elementskit-info-box-title\">\n                    Calculadora en l\u00ednea                <\/h3>\n                        \t\t  \t<p>Compruebe c\u00f3modamente las posibilidades de antemano.<\/p>\n                                        <div class=\"box-footer disable_hover_button\">\n                    <div class=\"btn-wraper\">\n                                                            <a class=\"elementskit-btn whitespace--normal\" href=\"https:\/\/kredit-baufinanzierung-radke.de\/online-rechner-fuer-kredite-finanzierung\/\">\n                                                                                M\u00e1s informaci\u00f3n                                    <\/a>\n                                                        <\/div>\n                <\/div>\n                    <\/div>\n        \n        \n                <\/div>\n        <\/div>\t\t\t\t<\/div>\n\t\t\t\t<\/div>\n\t\t<div class=\"elementor-element elementor-element-79d669e7 e-con-full e-flex e-con e-child\" data-id=\"79d669e7\" data-element_type=\"container\">\n\t\t\t\t<div class=\"elementor-element elementor-element-30ea3823 ekit-equal-height-disable elementor-widget elementor-widget-elementskit-icon-box\" data-id=\"30ea3823\" data-element_type=\"widget\" data-widget_type=\"elementskit-icon-box.default\">\n\t\t\t\t\t<div class=\"ekit-wid-con\" >        <!-- link opening -->\n                <!-- end link opening -->\n\n        <div class=\"elementskit-infobox text-center text- icon-top-align elementor-animation-\">\n                    <div class=\"elementskit-box-header elementor-animation-\">\n                <div class=\"elementskit-info-box-icon\">\n                    <i aria-hidden=\"true\" class=\"elementkit-infobox-icon icon icon-file-1\"><\/i>\n                <\/div>\n          <\/div>\n                        <div class=\"box-body\">\n                            <h3 class=\"elementskit-info-box-title\">\n                    Documentos                <\/h3>\n                        \t\t  \t<p>Encuentre en nuestro sitio los documentos que necesita.<\/p>\n                                        <div class=\"box-footer disable_hover_button\">\n                    <div class=\"btn-wraper\">\n                                                            <a class=\"elementskit-btn whitespace--normal\" href=\"https:\/\/kredit-baufinanzierung-radke.de\/unterlagenliste-kredit-finanzierung\/\">\n                                                                                M\u00e1s informaci\u00f3n                                    <\/a>\n                                                        <\/div>\n                <\/div>\n                    <\/div>\n        \n        \n                <\/div>\n        <\/div>\t\t\t\t<\/div>\n\t\t\t\t<\/div>\n\t\t<div class=\"elementor-element elementor-element-4beb908f e-con-full e-flex e-con e-child\" data-id=\"4beb908f\" data-element_type=\"container\">\n\t\t\t\t<div class=\"elementor-element elementor-element-a154607 ekit-equal-height-disable elementor-widget elementor-widget-elementskit-icon-box\" data-id=\"a154607\" data-element_type=\"widget\" data-widget_type=\"elementskit-icon-box.default\">\n\t\t\t\t\t<div class=\"ekit-wid-con\" >        <!-- link opening -->\n                <!-- end link opening -->\n\n        <div class=\"elementskit-infobox text-center text- icon-top-align elementor-animation-\">\n                    <div class=\"elementskit-box-header elementor-animation-\">\n                <div class=\"elementskit-info-box-icon\">\n                    <i aria-hidden=\"true\" class=\"elementkit-infobox-icon icon icon-Safe-house\"><\/i>\n                <\/div>\n          <\/div>\n                        <div class=\"box-body\">\n                            <h3 class=\"elementskit-info-box-title\">\n                    Valoraci\u00f3n de la propiedad                <\/h3>\n                        \t\t  \t<p>Con unos pocos clics sabr\u00e1 cu\u00e1nto vale su propiedad.<\/p>\n                                        <div class=\"box-footer disable_hover_button\">\n                    <div class=\"btn-wraper\">\n                                                            <a class=\"elementskit-btn whitespace--normal\" href=\"https:\/\/kredit-baufinanzierung-radke.de\/immobilienbewertung-finanzierung\/\">\n                                                                                M\u00e1s informaci\u00f3n                                    <\/a>\n                                                        <\/div>\n                <\/div>\n                    <\/div>\n        \n        \n                <\/div>\n        <\/div>\t\t\t\t<\/div>\n\t\t\t\t<\/div>\n\t\t\t\t\t<\/div>\n\t\t\t\t<\/div>\n\t\t\t\t<\/div>","protected":false},"excerpt":{"rendered":"<p>KFW Darlehen Die KFW Bank ist eine staatliche Bank in Deutschland, die sich auf die F\u00f6rderung von Wirtschaft und Umwelt konzentriert. Sie bietet verschiedene Darlehen an, darunter auch das KFW-Darlehen, das f\u00fcr verschiedene Zwecke genutzt werden kann, zum Beispiel f\u00fcr die Finanzierung von Immobilien oder den Kauf von Maschinen und Anlagen. Eine besondere Form des [&hellip;]<\/p>","protected":false},"author":2,"featured_media":5502,"parent":0,"menu_order":0,"comment_status":"closed","ping_status":"closed","template":"elementor_header_footer","meta":{"_acf_changed":false,"footnotes":""},"class_list":["post-5237","page","type-page","status-publish","has-post-thumbnail","hentry"],"acf":[],"yoast_head":"<!-- This site is optimized with the Yoast SEO plugin v26.7 - https:\/\/yoast.com\/wordpress\/plugins\/seo\/ -->\n<title>KFW-Darlehen - CF Finanz<\/title>\n<meta name=\"description\" content=\"ie KFW Bank ist eine staatliche Bank in Deutschland, die sich auf die F\u00f6rderung von Wirtschaft und Umwelt konzentriert.\" \/>\n<meta name=\"robots\" content=\"index, follow, max-snippet:-1, max-image-preview:large, max-video-preview:-1\" \/>\n<link rel=\"canonical\" href=\"https:\/\/cf-finanz.de\/es\/kfw-darlehen-finanzierung\/\" \/>\n<meta property=\"og:locale\" content=\"es_ES\" \/>\n<meta property=\"og:type\" content=\"article\" \/>\n<meta property=\"og:title\" content=\"KFW-Darlehen - CF Finanz\" \/>\n<meta property=\"og:description\" content=\"ie KFW Bank ist eine staatliche Bank in Deutschland, die sich auf die F\u00f6rderung von Wirtschaft und Umwelt konzentriert.\" \/>\n<meta property=\"og:url\" content=\"https:\/\/cf-finanz.de\/es\/kfw-darlehen-finanzierung\/\" \/>\n<meta property=\"og:site_name\" content=\"CF Finanz\" \/>\n<meta property=\"article:publisher\" content=\"https:\/\/www.facebook.com\/finanzierung.radke\/\" \/>\n<meta property=\"article:modified_time\" content=\"2026-01-05T08:27:13+00:00\" \/>\n<meta property=\"og:image\" content=\"https:\/\/cf-finanz.de\/wp-content\/uploads\/2023\/04\/kfw-darlehen-slider-1.jpg\" \/>\n\t<meta property=\"og:image:width\" content=\"2560\" \/>\n\t<meta property=\"og:image:height\" content=\"1051\" \/>\n\t<meta property=\"og:image:type\" content=\"image\/jpeg\" \/>\n<meta name=\"twitter:card\" content=\"summary_large_image\" \/>\n<meta name=\"twitter:label1\" content=\"Tiempo de lectura\" \/>\n\t<meta name=\"twitter:data1\" content=\"3 minutos\" \/>\n<script type=\"application\/ld+json\" class=\"yoast-schema-graph\">{\"@context\":\"https:\/\/schema.org\",\"@graph\":[{\"@type\":\"WebPage\",\"@id\":\"https:\/\/cf-finanz.de\/en\/kfw-darlehen-finanzierung\/\",\"url\":\"https:\/\/cf-finanz.de\/en\/kfw-darlehen-finanzierung\/\",\"name\":\"KFW-Darlehen - CF Finanz\",\"isPartOf\":{\"@id\":\"https:\/\/cf-finanz.de\/#website\"},\"primaryImageOfPage\":{\"@id\":\"https:\/\/cf-finanz.de\/en\/kfw-darlehen-finanzierung\/#primaryimage\"},\"image\":{\"@id\":\"https:\/\/cf-finanz.de\/en\/kfw-darlehen-finanzierung\/#primaryimage\"},\"thumbnailUrl\":\"https:\/\/cf-finanz.de\/wp-content\/uploads\/2023\/04\/kfw-darlehen-slider-1.jpg\",\"datePublished\":\"2023-04-04T09:29:04+00:00\",\"dateModified\":\"2026-01-05T08:27:13+00:00\",\"description\":\"ie KFW Bank ist eine staatliche Bank in Deutschland, die sich auf die F\u00f6rderung von Wirtschaft und Umwelt konzentriert.\",\"breadcrumb\":{\"@id\":\"https:\/\/cf-finanz.de\/en\/kfw-darlehen-finanzierung\/#breadcrumb\"},\"inLanguage\":\"es\",\"potentialAction\":[{\"@type\":\"ReadAction\",\"target\":[\"https:\/\/cf-finanz.de\/en\/kfw-darlehen-finanzierung\/\"]}]},{\"@type\":\"ImageObject\",\"inLanguage\":\"es\",\"@id\":\"https:\/\/cf-finanz.de\/en\/kfw-darlehen-finanzierung\/#primaryimage\",\"url\":\"https:\/\/cf-finanz.de\/wp-content\/uploads\/2023\/04\/kfw-darlehen-slider-1.jpg\",\"contentUrl\":\"https:\/\/cf-finanz.de\/wp-content\/uploads\/2023\/04\/kfw-darlehen-slider-1.jpg\",\"width\":2560,\"height\":1051,\"caption\":\"KFW Darlehen f\u00fcr Finanzierungen\"},{\"@type\":\"BreadcrumbList\",\"@id\":\"https:\/\/cf-finanz.de\/en\/kfw-darlehen-finanzierung\/#breadcrumb\",\"itemListElement\":[{\"@type\":\"ListItem\",\"position\":1,\"name\":\"Startseite\",\"item\":\"https:\/\/cf-finanz.de\/\"},{\"@type\":\"ListItem\",\"position\":2,\"name\":\"KFW-Darlehen-Finanzierung\"}]},{\"@type\":\"WebSite\",\"@id\":\"https:\/\/cf-finanz.de\/#website\",\"url\":\"https:\/\/cf-finanz.de\/\",\"name\":\"CF Finanz\",\"description\":\"Baufinanzierung und Kredite in Magdeburg und Sachsen-Anhalt\",\"publisher\":{\"@id\":\"https:\/\/cf-finanz.de\/#organization\"},\"potentialAction\":[{\"@type\":\"SearchAction\",\"target\":{\"@type\":\"EntryPoint\",\"urlTemplate\":\"https:\/\/cf-finanz.de\/?s={search_term_string}\"},\"query-input\":{\"@type\":\"PropertyValueSpecification\",\"valueRequired\":true,\"valueName\":\"search_term_string\"}}],\"inLanguage\":\"es\"},{\"@type\":\"Organization\",\"@id\":\"https:\/\/cf-finanz.de\/#organization\",\"name\":\"Finanzierung Radke\",\"url\":\"https:\/\/cf-finanz.de\/\",\"logo\":{\"@type\":\"ImageObject\",\"inLanguage\":\"es\",\"@id\":\"https:\/\/cf-finanz.de\/#\/schema\/logo\/image\/\",\"url\":\"https:\/\/kredit-baufinanzierung-radke.de\/wp-content\/uploads\/2021\/05\/radwegrunners_1-1.jpg\",\"contentUrl\":\"https:\/\/kredit-baufinanzierung-radke.de\/wp-content\/uploads\/2021\/05\/radwegrunners_1-1.jpg\",\"width\":1417,\"height\":592,\"caption\":\"Finanzierung Radke\"},\"image\":{\"@id\":\"https:\/\/cf-finanz.de\/#\/schema\/logo\/image\/\"},\"sameAs\":[\"https:\/\/www.facebook.com\/finanzierung.radke\/\",\"https:\/\/www.instagram.com\/baufinanzierung_radke\/\"]}]}<\/script>\n<!-- \/ Yoast SEO plugin. -->","yoast_head_json":{"title":"KFW-Darlehen - CF Finanz","description":"ie KFW Bank ist eine staatliche Bank in Deutschland, die sich auf die F\u00f6rderung von Wirtschaft und Umwelt konzentriert.","robots":{"index":"index","follow":"follow","max-snippet":"max-snippet:-1","max-image-preview":"max-image-preview:large","max-video-preview":"max-video-preview:-1"},"canonical":"https:\/\/cf-finanz.de\/es\/kfw-darlehen-finanzierung\/","og_locale":"es_ES","og_type":"article","og_title":"KFW-Darlehen - CF Finanz","og_description":"ie KFW Bank ist eine staatliche Bank in Deutschland, die sich auf die F\u00f6rderung von Wirtschaft und Umwelt konzentriert.","og_url":"https:\/\/cf-finanz.de\/es\/kfw-darlehen-finanzierung\/","og_site_name":"CF Finanz","article_publisher":"https:\/\/www.facebook.com\/finanzierung.radke\/","article_modified_time":"2026-01-05T08:27:13+00:00","og_image":[{"width":2560,"height":1051,"url":"https:\/\/cf-finanz.de\/wp-content\/uploads\/2023\/04\/kfw-darlehen-slider-1.jpg","type":"image\/jpeg"}],"twitter_card":"summary_large_image","twitter_misc":{"Tiempo de lectura":"3 minutos"},"schema":{"@context":"https:\/\/schema.org","@graph":[{"@type":"WebPage","@id":"https:\/\/cf-finanz.de\/en\/kfw-darlehen-finanzierung\/","url":"https:\/\/cf-finanz.de\/en\/kfw-darlehen-finanzierung\/","name":"KFW-Darlehen - CF Finanz","isPartOf":{"@id":"https:\/\/cf-finanz.de\/#website"},"primaryImageOfPage":{"@id":"https:\/\/cf-finanz.de\/en\/kfw-darlehen-finanzierung\/#primaryimage"},"image":{"@id":"https:\/\/cf-finanz.de\/en\/kfw-darlehen-finanzierung\/#primaryimage"},"thumbnailUrl":"https:\/\/cf-finanz.de\/wp-content\/uploads\/2023\/04\/kfw-darlehen-slider-1.jpg","datePublished":"2023-04-04T09:29:04+00:00","dateModified":"2026-01-05T08:27:13+00:00","description":"ie KFW Bank ist eine staatliche Bank in Deutschland, die sich auf die F\u00f6rderung von Wirtschaft und Umwelt konzentriert.","breadcrumb":{"@id":"https:\/\/cf-finanz.de\/en\/kfw-darlehen-finanzierung\/#breadcrumb"},"inLanguage":"es","potentialAction":[{"@type":"ReadAction","target":["https:\/\/cf-finanz.de\/en\/kfw-darlehen-finanzierung\/"]}]},{"@type":"ImageObject","inLanguage":"es","@id":"https:\/\/cf-finanz.de\/en\/kfw-darlehen-finanzierung\/#primaryimage","url":"https:\/\/cf-finanz.de\/wp-content\/uploads\/2023\/04\/kfw-darlehen-slider-1.jpg","contentUrl":"https:\/\/cf-finanz.de\/wp-content\/uploads\/2023\/04\/kfw-darlehen-slider-1.jpg","width":2560,"height":1051,"caption":"KFW Darlehen f\u00fcr Finanzierungen"},{"@type":"BreadcrumbList","@id":"https:\/\/cf-finanz.de\/en\/kfw-darlehen-finanzierung\/#breadcrumb","itemListElement":[{"@type":"ListItem","position":1,"name":"Startseite","item":"https:\/\/cf-finanz.de\/"},{"@type":"ListItem","position":2,"name":"KFW-Darlehen-Finanzierung"}]},{"@type":"WebSite","@id":"https:\/\/cf-finanz.de\/#website","url":"https:\/\/cf-finanz.de\/","name":"CF Finanzas","description":"Hipotecas y pr\u00e9stamos en Magdeburgo y Sajonia-Anhalt","publisher":{"@id":"https:\/\/cf-finanz.de\/#organization"},"potentialAction":[{"@type":"SearchAction","target":{"@type":"EntryPoint","urlTemplate":"https:\/\/cf-finanz.de\/?s={search_term_string}"},"query-input":{"@type":"PropertyValueSpecification","valueRequired":true,"valueName":"search_term_string"}}],"inLanguage":"es"},{"@type":"Organization","@id":"https:\/\/cf-finanz.de\/#organization","name":"Financiaci\u00f3n Radke","url":"https:\/\/cf-finanz.de\/","logo":{"@type":"ImageObject","inLanguage":"es","@id":"https:\/\/cf-finanz.de\/#\/schema\/logo\/image\/","url":"https:\/\/kredit-baufinanzierung-radke.de\/wp-content\/uploads\/2021\/05\/radwegrunners_1-1.jpg","contentUrl":"https:\/\/kredit-baufinanzierung-radke.de\/wp-content\/uploads\/2021\/05\/radwegrunners_1-1.jpg","width":1417,"height":592,"caption":"Finanzierung Radke"},"image":{"@id":"https:\/\/cf-finanz.de\/#\/schema\/logo\/image\/"},"sameAs":["https:\/\/www.facebook.com\/finanzierung.radke\/","https:\/\/www.instagram.com\/baufinanzierung_radke\/"]}]}},"_links":{"self":[{"href":"https:\/\/cf-finanz.de\/es\/wp-json\/wp\/v2\/pages\/5237","targetHints":{"allow":["GET"]}}],"collection":[{"href":"https:\/\/cf-finanz.de\/es\/wp-json\/wp\/v2\/pages"}],"about":[{"href":"https:\/\/cf-finanz.de\/es\/wp-json\/wp\/v2\/types\/page"}],"author":[{"embeddable":true,"href":"https:\/\/cf-finanz.de\/es\/wp-json\/wp\/v2\/users\/2"}],"replies":[{"embeddable":true,"href":"https:\/\/cf-finanz.de\/es\/wp-json\/wp\/v2\/comments?post=5237"}],"version-history":[{"count":10,"href":"https:\/\/cf-finanz.de\/es\/wp-json\/wp\/v2\/pages\/5237\/revisions"}],"predecessor-version":[{"id":8042,"href":"https:\/\/cf-finanz.de\/es\/wp-json\/wp\/v2\/pages\/5237\/revisions\/8042"}],"wp:featuredmedia":[{"embeddable":true,"href":"https:\/\/cf-finanz.de\/es\/wp-json\/wp\/v2\/media\/5502"}],"wp:attachment":[{"href":"https:\/\/cf-finanz.de\/es\/wp-json\/wp\/v2\/media?parent=5237"}],"curies":[{"name":"wp","href":"https:\/\/api.w.org\/{rel}","templated":true}]}}