{"id":5230,"date":"2023-04-04T11:29:03","date_gmt":"2023-04-04T09:29:03","guid":{"rendered":"https:\/\/kredit-baufinanzierung-radke.de\/anschlussfinanzierung-finanzierung\/"},"modified":"2026-01-05T09:27:04","modified_gmt":"2026-01-05T08:27:04","slug":"anschlussfinanzierung-finanzierung","status":"publish","type":"page","link":"https:\/\/cf-finanz.de\/es\/anschlussfinanzierung-finanzierung\/","title":{"rendered":"Anschlussfinanzierung-Finanzierung"},"content":{"rendered":"<div data-elementor-type=\"wp-page\" data-elementor-id=\"5230\" class=\"elementor elementor-5230\" data-elementor-post-type=\"page\">\n\t\t\t\t<div class=\"elementor-element elementor-element-2774193a e-con-full e-flex e-con e-parent\" data-id=\"2774193a\" data-element_type=\"container\" data-settings=\"{&quot;background_background&quot;:&quot;classic&quot;}\">\n\t\t\t\t<\/div>\n\t\t<div class=\"elementor-element elementor-element-7c266f2a e-flex e-con-boxed e-con e-parent\" data-id=\"7c266f2a\" data-element_type=\"container\">\n\t\t\t\t\t<div class=\"e-con-inner\">\n\t\t<div class=\"elementor-element elementor-element-370b27a e-con-full e-flex e-con e-child\" data-id=\"370b27a\" data-element_type=\"container\">\n\t\t\t\t<div class=\"elementor-element elementor-element-6cf239f0 elementor-widget elementor-widget-elementskit-heading\" data-id=\"6cf239f0\" data-element_type=\"widget\" data-widget_type=\"elementskit-heading.default\">\n\t\t\t\t\t<div class=\"ekit-wid-con\" ><div class=\"ekit-heading elementskit-section-title-wraper text_left   ekit_heading_tablet-   ekit_heading_mobile-\"><h1 class=\"ekit-heading--title elementskit-section-title\">Problema: \u00bfTipos de inter\u00e9s demasiado altos?<\/h1><\/div><\/div>\t\t\t\t<\/div>\n\t\t\t\t<div class=\"elementor-element elementor-element-29c4c7fa elementor-widget elementor-widget-elementskit-heading\" data-id=\"29c4c7fa\" data-element_type=\"widget\" data-widget_type=\"elementskit-heading.default\">\n\t\t\t\t\t<div class=\"ekit-wid-con\" ><div class=\"ekit-heading elementskit-section-title-wraper text_left   ekit_heading_tablet-   ekit_heading_mobile-\"><h1 class=\"ekit-heading--title elementskit-section-title\">Soluci\u00f3n: Financiaci\u00f3n de seguimiento y reestructuraci\u00f3n de deudas<\/h1><\/div><\/div>\t\t\t\t<\/div>\n\t\t\t\t<\/div>\n\t\t\t\t\t<\/div>\n\t\t\t\t<\/div>\n\t\t<div class=\"elementor-element elementor-element-2cfd5358 e-flex e-con-boxed e-con e-parent\" data-id=\"2cfd5358\" data-element_type=\"container\">\n\t\t\t\t\t<div class=\"e-con-inner\">\n\t\t<div class=\"elementor-element elementor-element-1b87f729 e-con-full e-flex e-con e-child\" data-id=\"1b87f729\" data-element_type=\"container\">\n\t\t\t\t<div class=\"elementor-element elementor-element-5d16cbf5 elementor-widget elementor-widget-heading\" data-id=\"5d16cbf5\" data-element_type=\"widget\" data-widget_type=\"heading.default\">\n\t\t\t\t\t<h2 class=\"elementor-heading-title elementor-size-default\">\u00bfQu\u00e9 es una financiaci\u00f3n de seguimiento?<\/h2>\t\t\t\t<\/div>\n\t\t\t\t<div class=\"elementor-element elementor-element-2b26ec47 elementor-widget elementor-widget-text-editor\" data-id=\"2b26ec47\" data-element_type=\"widget\" data-widget_type=\"text-editor.default\">\n\t\t\t\t\t\t\t\t\t<p>En banca, una financiaci\u00f3n de seguimiento significa el acuerdo de un nuevo tipo de inter\u00e9s del pr\u00e9stamo para todo el plazo del pr\u00e9stamo tras la expiraci\u00f3n del per\u00edodo de inter\u00e9s fijo. As\u00ed, un pr\u00e9stamo existente es sustituido por un nuevo pr\u00e9stamo del mismo banco. Con ello, el plazo original del pr\u00e9stamo no se ampl\u00eda, pero se asegura que el tipo de inter\u00e9s se mantenga igual durante todo el plazo del pr\u00e9stamo.<\/p>\n<p>Al principio, por tanto, es importante hacerse las preguntas correctas. \u00bfQu\u00e9 carga mensual desea asumir? \u00bfCu\u00e1ndo puede o quiere amortizar totalmente el pr\u00e9stamo? \u00bfY qu\u00e9 tipo de inter\u00e9s fijo es sensato? Su banco puede no ser el mejor asesor cuando se trata de renegociar el pr\u00e9stamo y las condiciones con prestatarios anteriores. A menudo los cambios est\u00e1n asociados con costos elevados.<\/p>\n<p>CF Finanz puede ayudarle a dar el \u00faltimo paso decisivo hacia la amortizaci\u00f3n de su vivienda. Le ofrecemos asesoramiento competente y sin compromiso sobre financiaci\u00f3n posterior y reprogramaci\u00f3n de deudas para que pueda alcanzar su objetivo de forma segura y con tipos de inter\u00e9s favorables.<\/p>\t\t\t\t\t\t\t\t<\/div>\n\t\t\t\t<\/div>\n\t\t\t\t\t<\/div>\n\t\t\t\t<\/div>\n\t\t<div class=\"elementor-element elementor-element-29022505 e-flex e-con-boxed e-con e-parent\" data-id=\"29022505\" data-element_type=\"container\" data-settings=\"{&quot;background_background&quot;:&quot;classic&quot;}\">\n\t\t\t\t\t<div class=\"e-con-inner\">\n\t\t<div class=\"elementor-element elementor-element-328c5be3 e-con-full e-flex e-con e-child\" data-id=\"328c5be3\" data-element_type=\"container\">\n\t\t\t\t<div class=\"elementor-element elementor-element-215aa7cf elementor-widget elementor-widget-heading\" data-id=\"215aa7cf\" data-element_type=\"widget\" data-widget_type=\"heading.default\">\n\t\t\t\t\t<h2 class=\"elementor-heading-title elementor-size-default\">\u00bfQu\u00e9 es la reestructuraci\u00f3n de deudas? <\/h2>\t\t\t\t<\/div>\n\t\t\t\t<div class=\"elementor-element elementor-element-6e3a1901 elementor-widget elementor-widget-text-editor\" data-id=\"6e3a1901\" data-element_type=\"widget\" data-widget_type=\"text-editor.default\">\n\t\t\t\t\t\t\t\t\t<p>La reestructuraci\u00f3n de deudas puede ser una buena manera de ahorrar dinero a largo plazo. Si cambia de proveedor, puede recibir mejores condiciones que con su pr\u00e9stamo original. Esto puede incluir tipos de inter\u00e9s m\u00e1s bajos y otras condiciones ventajosas.<\/p><p>Con una reestructuraci\u00f3n puede contratar un nuevo pr\u00e9stamo inmobiliario con tipos de inter\u00e9s favorables. El contrato de pr\u00e9stamo se crea tras la selecci\u00f3n de una oferta y puede requerir documentos sobre el valor de la propiedad y su propia situaci\u00f3n financiera. Al mismo tiempo, se rescinde el pr\u00e9stamo en el banco antiguo y se solicita una confirmaci\u00f3n de rescisi\u00f3n. A continuaci\u00f3n, los bancos liquidan todo entre ellos y se acuerda una fecha de reembolso una vez conocido el importe de amortizaci\u00f3n.<\/p><p>Sin embargo, una reestructuraci\u00f3n tambi\u00e9n tiene algunas desventajas. Por regla general, se requiere una nueva verificaci\u00f3n de la solvencia del solicitante del pr\u00e9stamo. Esto significa que un prestamista verifica su historial crediticio para determinar si representa un buen riesgo crediticio. En algunos casos, esto puede llevar a un rechazo.<\/p><p>En cualquier caso, es aconsejable dejarse asesorar por un asesor financiero independiente que le ayude a orientarse entre las diferentes opciones y a tomar la mejor decisi\u00f3n.<\/p><p>Nuestra empresa de Magdeburgo est\u00e1 especializada en servicios de financiaci\u00f3n para empleados y aut\u00f3nomos y apoya con competencia y muchos a\u00f1os de experiencia en financiaciones privadas y comerciales. Ya sea para vivienda en propiedad, reestructuraci\u00f3n o grandes compras, nuestro equipo garantiza cuidado y precisi\u00f3n cuando hay grandes sumas en juego.<\/p><p>As\u00ed que, si busca el mejor asesoramiento financiero y la estrategia de financiaci\u00f3n m\u00e1s favorable para la compra de su inmueble o su reestructuraci\u00f3n, ha venido al lugar adecuado.<\/p><p>Le asesoramos sobre financiaci\u00f3n de construcci\u00f3n y pr\u00e9stamos en las regiones de Magdeburgo, Sajonia-Anhalt, Berl\u00edn, Brandeburgo, Sajonia y Baja Sajonia.<\/p>\t\t\t\t\t\t\t\t<\/div>\n\t\t\t\t<\/div>\n\t\t\t\t\t<\/div>\n\t\t\t\t<\/div>\n\t\t<div class=\"elementor-element elementor-element-d35586c e-flex e-con-boxed e-con e-parent\" data-id=\"d35586c\" data-element_type=\"container\">\n\t\t\t\t\t<div class=\"e-con-inner\">\n\t\t\t\t<div class=\"elementor-element elementor-element-774d7ca0 elementor-widget elementor-widget-elementskit-heading\" data-id=\"774d7ca0\" data-element_type=\"widget\" data-widget_type=\"elementskit-heading.default\">\n\t\t\t\t\t<div class=\"ekit-wid-con\" ><div class=\"ekit-heading elementskit-section-title-wraper text_center   ekit_heading_tablet-   ekit_heading_mobile-\"><h2 class=\"ekit-heading--title elementskit-section-title\">Nuestras <span><span>soluciones<\/span><\/span> para sus <span><span>problemas <\/span><\/span><\/h2><h3 class=\"ekit-heading--subtitle elementskit-section-subtitle\">\n\t\t\t\t\t\tConcertar una consulta gratuita\n\t\t\t\t\t<\/h3><\/div><\/div>\t\t\t\t<\/div>\n\t\t\t\t<div class=\"elementor-element elementor-element-6b5bc74d elementor-align-center elementor-widget elementor-widget-button\" data-id=\"6b5bc74d\" data-element_type=\"widget\" data-widget_type=\"button.default\">\n\t\t\t\t\t\t\t\t\t\t<a class=\"elementor-button elementor-button-link elementor-size-sm\" href=\"https:\/\/calendly.com\/cf-finanz\">\n\t\t\t\t\t\t<span class=\"elementor-button-content-wrapper\">\n\t\t\t\t\t\t\t\t\t<span class=\"elementor-button-text\">Concertar ahora<\/span>\n\t\t\t\t\t<\/span>\n\t\t\t\t\t<\/a>\n\t\t\t\t\t\t\t\t<\/div>\n\t\t\t\t\t<\/div>\n\t\t\t\t<\/div>\n\t\t<div class=\"elementor-element elementor-element-707cc4a6 e-flex e-con-boxed e-con e-parent\" data-id=\"707cc4a6\" data-element_type=\"container\" data-settings=\"{&quot;background_background&quot;:&quot;classic&quot;}\">\n\t\t\t\t\t<div class=\"e-con-inner\">\n\t\t\t\t<div class=\"elementor-element elementor-element-5a8f7d89 elementor-widget elementor-widget-elementskit-heading\" data-id=\"5a8f7d89\" data-element_type=\"widget\" data-widget_type=\"elementskit-heading.default\">\n\t\t\t\t\t<div class=\"ekit-wid-con\" ><div class=\"ekit-heading elementskit-section-title-wraper text_center   ekit_heading_tablet-   ekit_heading_mobile-\"><h2 class=\"ekit-heading--title elementskit-section-title\">Comprobar finanzas y documentos c\u00f3modamente desde el sof\u00e1?<\/h2><\/div><\/div>\t\t\t\t<\/div>\n\t\t\t\t\t<\/div>\n\t\t\t\t<\/div>\n\t\t<div class=\"elementor-element elementor-element-61b09222 e-flex e-con-boxed e-con e-parent\" data-id=\"61b09222\" data-element_type=\"container\" data-settings=\"{&quot;background_background&quot;:&quot;classic&quot;}\">\n\t\t\t\t\t<div class=\"e-con-inner\">\n\t\t<div class=\"elementor-element elementor-element-4c22ae15 e-con-full e-flex e-con e-child\" data-id=\"4c22ae15\" data-element_type=\"container\">\n\t\t\t\t<div class=\"elementor-element elementor-element-328a3c73 ekit-equal-height-disable elementor-widget elementor-widget-elementskit-icon-box\" data-id=\"328a3c73\" data-element_type=\"widget\" data-widget_type=\"elementskit-icon-box.default\">\n\t\t\t\t\t<div class=\"ekit-wid-con\" >        <!-- link opening -->\n                <!-- end link opening -->\n\n        <div class=\"elementskit-infobox text-center text- icon-top-align elementor-animation-\">\n                    <div class=\"elementskit-box-header elementor-animation-\">\n                <div class=\"elementskit-info-box-icon\">\n                    <i aria-hidden=\"true\" class=\"elementkit-infobox-icon icon icon-calculator1\"><\/i>\n                <\/div>\n          <\/div>\n                        <div class=\"box-body\">\n                            <h3 class=\"elementskit-info-box-title\">\n                    Calculadora en l\u00ednea                <\/h3>\n                        \t\t  \t<p>Compruebe c\u00f3modamente las posibilidades de antemano.<\/p>\n                                        <div class=\"box-footer disable_hover_button\">\n                    <div class=\"btn-wraper\">\n                                                            <a class=\"elementskit-btn whitespace--normal\" href=\"https:\/\/kredit-baufinanzierung-radke.de\/online-rechner-fuer-kredite-finanzierung\/\">\n                                                                                M\u00e1s informaci\u00f3n                                    <\/a>\n                                                        <\/div>\n                <\/div>\n                    <\/div>\n        \n        \n                <\/div>\n        <\/div>\t\t\t\t<\/div>\n\t\t\t\t<\/div>\n\t\t<div class=\"elementor-element elementor-element-578e53e6 e-con-full e-flex e-con e-child\" data-id=\"578e53e6\" data-element_type=\"container\">\n\t\t\t\t<div class=\"elementor-element elementor-element-706d110d ekit-equal-height-disable elementor-widget elementor-widget-elementskit-icon-box\" data-id=\"706d110d\" data-element_type=\"widget\" data-widget_type=\"elementskit-icon-box.default\">\n\t\t\t\t\t<div class=\"ekit-wid-con\" >        <!-- link opening -->\n                <!-- end link opening -->\n\n        <div class=\"elementskit-infobox text-center text- icon-top-align elementor-animation-\">\n                    <div class=\"elementskit-box-header elementor-animation-\">\n                <div class=\"elementskit-info-box-icon\">\n                    <i aria-hidden=\"true\" class=\"elementkit-infobox-icon icon icon-file-1\"><\/i>\n                <\/div>\n          <\/div>\n                        <div class=\"box-body\">\n                            <h3 class=\"elementskit-info-box-title\">\n                    Documentos                <\/h3>\n                        \t\t  \t<p>Encuentre en nuestro sitio los documentos que necesita.<\/p>\n                                        <div class=\"box-footer disable_hover_button\">\n                    <div class=\"btn-wraper\">\n                                                            <a class=\"elementskit-btn whitespace--normal\" href=\"https:\/\/kredit-baufinanzierung-radke.de\/unterlagenliste-kredit-finanzierung\/\">\n                                                                                M\u00e1s informaci\u00f3n                                    <\/a>\n                                                        <\/div>\n                <\/div>\n                    <\/div>\n        \n        \n                <\/div>\n        <\/div>\t\t\t\t<\/div>\n\t\t\t\t<\/div>\n\t\t<div class=\"elementor-element elementor-element-7cf9679c e-con-full e-flex e-con e-child\" data-id=\"7cf9679c\" data-element_type=\"container\">\n\t\t\t\t<div class=\"elementor-element elementor-element-653f1162 ekit-equal-height-disable elementor-widget elementor-widget-elementskit-icon-box\" data-id=\"653f1162\" data-element_type=\"widget\" data-widget_type=\"elementskit-icon-box.default\">\n\t\t\t\t\t<div class=\"ekit-wid-con\" >        <!-- link opening -->\n                <!-- end link opening -->\n\n        <div class=\"elementskit-infobox text-center text- icon-top-align elementor-animation-\">\n                    <div class=\"elementskit-box-header elementor-animation-\">\n                <div class=\"elementskit-info-box-icon\">\n                    <i aria-hidden=\"true\" class=\"elementkit-infobox-icon icon icon-Safe-house\"><\/i>\n                <\/div>\n          <\/div>\n                        <div class=\"box-body\">\n                            <h3 class=\"elementskit-info-box-title\">\n                    Valoraci\u00f3n de la propiedad                <\/h3>\n                        \t\t  \t<p>Con unos pocos clics sabr\u00e1 cu\u00e1nto vale su propiedad.<\/p>\n                                        <div class=\"box-footer disable_hover_button\">\n                    <div class=\"btn-wraper\">\n                                                            <a class=\"elementskit-btn whitespace--normal\" href=\"https:\/\/kredit-baufinanzierung-radke.de\/immobilienbewertung-finanzierung\/\">\n                                                                                M\u00e1s informaci\u00f3n                                    <\/a>\n                                                        <\/div>\n                <\/div>\n                    <\/div>\n        \n        \n                <\/div>\n        <\/div>\t\t\t\t<\/div>\n\t\t\t\t<\/div>\n\t\t\t\t\t<\/div>\n\t\t\t\t<\/div>\n\t\t\t\t<\/div>","protected":false},"excerpt":{"rendered":"<p>Problem: Zu hohe Zinsen? L\u00f6sung: Anschlussfinanzierung &amp; Umschuldung Was ist eine Anschlussfinanzierung? Unter einer Anschlussfinanzierung versteht man im Bankwesen die Vereinbarung eines neuen Darlehenszinses f\u00fcr die gesamte Kreditlaufzeit nach Ablauf der Zinsbindungsfrist. Es wird also ein bestehendes Darlehen durch ein neues Darlehen der gleichen Bank abgel\u00f6st. Dabei wird die urspr\u00fcngliche Kreditlaufzeit nicht verl\u00e4ngert, sondern es [&hellip;]<\/p>","protected":false},"author":2,"featured_media":5518,"parent":0,"menu_order":0,"comment_status":"closed","ping_status":"closed","template":"elementor_header_footer","meta":{"_acf_changed":false,"footnotes":""},"class_list":["post-5230","page","type-page","status-publish","has-post-thumbnail","hentry"],"acf":[],"yoast_head":"<!-- This site is optimized with the Yoast SEO plugin v26.7 - https:\/\/yoast.com\/wordpress\/plugins\/seo\/ -->\n<title>Anschlussfinanzierung - CF Finanz<\/title>\n<meta name=\"description\" content=\"Problem: Zu hohe Zinsen? L\u00f6sung: Anschlussfinanzierung &amp; Umschuldung. Unsere L\u00f6sungen f\u00fcr Ihre Probleme.\" \/>\n<meta name=\"robots\" content=\"index, follow, max-snippet:-1, max-image-preview:large, max-video-preview:-1\" \/>\n<link rel=\"canonical\" href=\"https:\/\/cf-finanz.de\/es\/anschlussfinanzierung-finanzierung\/\" \/>\n<meta property=\"og:locale\" content=\"es_ES\" \/>\n<meta property=\"og:type\" content=\"article\" \/>\n<meta property=\"og:title\" content=\"Anschlussfinanzierung - CF Finanz\" \/>\n<meta property=\"og:description\" content=\"Problem: Zu hohe Zinsen? L\u00f6sung: Anschlussfinanzierung &amp; Umschuldung. Unsere L\u00f6sungen f\u00fcr Ihre Probleme.\" \/>\n<meta property=\"og:url\" content=\"https:\/\/cf-finanz.de\/es\/anschlussfinanzierung-finanzierung\/\" \/>\n<meta property=\"og:site_name\" content=\"CF Finanz\" \/>\n<meta property=\"article:publisher\" content=\"https:\/\/www.facebook.com\/finanzierung.radke\/\" \/>\n<meta property=\"article:modified_time\" content=\"2026-01-05T08:27:04+00:00\" \/>\n<meta property=\"og:image\" content=\"https:\/\/cf-finanz.de\/wp-content\/uploads\/2023\/04\/prolognation-slider-1.jpg\" \/>\n\t<meta property=\"og:image:width\" content=\"2560\" \/>\n\t<meta property=\"og:image:height\" content=\"1051\" \/>\n\t<meta property=\"og:image:type\" content=\"image\/jpeg\" \/>\n<meta name=\"twitter:card\" content=\"summary_large_image\" \/>\n<meta name=\"twitter:label1\" content=\"Tiempo de lectura\" \/>\n\t<meta name=\"twitter:data1\" content=\"3 minutos\" \/>\n<script type=\"application\/ld+json\" class=\"yoast-schema-graph\">{\"@context\":\"https:\/\/schema.org\",\"@graph\":[{\"@type\":\"WebPage\",\"@id\":\"https:\/\/cf-finanz.de\/anschlussfinanzierung-finanzierung\/\",\"url\":\"https:\/\/cf-finanz.de\/anschlussfinanzierung-finanzierung\/\",\"name\":\"Anschlussfinanzierung - CF Finanz\",\"isPartOf\":{\"@id\":\"https:\/\/cf-finanz.de\/#website\"},\"primaryImageOfPage\":{\"@id\":\"https:\/\/cf-finanz.de\/anschlussfinanzierung-finanzierung\/#primaryimage\"},\"image\":{\"@id\":\"https:\/\/cf-finanz.de\/anschlussfinanzierung-finanzierung\/#primaryimage\"},\"thumbnailUrl\":\"https:\/\/cf-finanz.de\/wp-content\/uploads\/2023\/04\/prolognation-slider-1.jpg\",\"datePublished\":\"2023-04-04T09:29:03+00:00\",\"dateModified\":\"2026-01-05T08:27:04+00:00\",\"description\":\"Problem: Zu hohe Zinsen? L\u00f6sung: Anschlussfinanzierung & Umschuldung. Unsere L\u00f6sungen f\u00fcr Ihre Probleme.\",\"breadcrumb\":{\"@id\":\"https:\/\/cf-finanz.de\/anschlussfinanzierung-finanzierung\/#breadcrumb\"},\"inLanguage\":\"es\",\"potentialAction\":[{\"@type\":\"ReadAction\",\"target\":[\"https:\/\/cf-finanz.de\/anschlussfinanzierung-finanzierung\/\"]}]},{\"@type\":\"ImageObject\",\"inLanguage\":\"es\",\"@id\":\"https:\/\/cf-finanz.de\/anschlussfinanzierung-finanzierung\/#primaryimage\",\"url\":\"https:\/\/cf-finanz.de\/wp-content\/uploads\/2023\/04\/prolognation-slider-1.jpg\",\"contentUrl\":\"https:\/\/cf-finanz.de\/wp-content\/uploads\/2023\/04\/prolognation-slider-1.jpg\",\"width\":2560,\"height\":1051,\"caption\":\"Prolognation - Kreditverl\u00e4ngerung\"},{\"@type\":\"BreadcrumbList\",\"@id\":\"https:\/\/cf-finanz.de\/anschlussfinanzierung-finanzierung\/#breadcrumb\",\"itemListElement\":[{\"@type\":\"ListItem\",\"position\":1,\"name\":\"Startseite\",\"item\":\"https:\/\/cf-finanz.de\/\"},{\"@type\":\"ListItem\",\"position\":2,\"name\":\"Anschlussfinanzierung-Finanzierung\"}]},{\"@type\":\"WebSite\",\"@id\":\"https:\/\/cf-finanz.de\/#website\",\"url\":\"https:\/\/cf-finanz.de\/\",\"name\":\"CF Finanz\",\"description\":\"Baufinanzierung und Kredite in Magdeburg und Sachsen-Anhalt\",\"publisher\":{\"@id\":\"https:\/\/cf-finanz.de\/#organization\"},\"potentialAction\":[{\"@type\":\"SearchAction\",\"target\":{\"@type\":\"EntryPoint\",\"urlTemplate\":\"https:\/\/cf-finanz.de\/?s={search_term_string}\"},\"query-input\":{\"@type\":\"PropertyValueSpecification\",\"valueRequired\":true,\"valueName\":\"search_term_string\"}}],\"inLanguage\":\"es\"},{\"@type\":\"Organization\",\"@id\":\"https:\/\/cf-finanz.de\/#organization\",\"name\":\"Finanzierung Radke\",\"url\":\"https:\/\/cf-finanz.de\/\",\"logo\":{\"@type\":\"ImageObject\",\"inLanguage\":\"es\",\"@id\":\"https:\/\/cf-finanz.de\/#\/schema\/logo\/image\/\",\"url\":\"https:\/\/kredit-baufinanzierung-radke.de\/wp-content\/uploads\/2021\/05\/radwegrunners_1-1.jpg\",\"contentUrl\":\"https:\/\/kredit-baufinanzierung-radke.de\/wp-content\/uploads\/2021\/05\/radwegrunners_1-1.jpg\",\"width\":1417,\"height\":592,\"caption\":\"Finanzierung Radke\"},\"image\":{\"@id\":\"https:\/\/cf-finanz.de\/#\/schema\/logo\/image\/\"},\"sameAs\":[\"https:\/\/www.facebook.com\/finanzierung.radke\/\",\"https:\/\/www.instagram.com\/baufinanzierung_radke\/\"]}]}<\/script>\n<!-- \/ Yoast SEO plugin. -->","yoast_head_json":{"title":"Anschlussfinanzierung - CF Finanz","description":"Problem: Zu hohe Zinsen? L\u00f6sung: Anschlussfinanzierung & Umschuldung. Unsere L\u00f6sungen f\u00fcr Ihre Probleme.","robots":{"index":"index","follow":"follow","max-snippet":"max-snippet:-1","max-image-preview":"max-image-preview:large","max-video-preview":"max-video-preview:-1"},"canonical":"https:\/\/cf-finanz.de\/es\/anschlussfinanzierung-finanzierung\/","og_locale":"es_ES","og_type":"article","og_title":"Anschlussfinanzierung - CF Finanz","og_description":"Problem: Zu hohe Zinsen? L\u00f6sung: Anschlussfinanzierung & Umschuldung. Unsere L\u00f6sungen f\u00fcr Ihre Probleme.","og_url":"https:\/\/cf-finanz.de\/es\/anschlussfinanzierung-finanzierung\/","og_site_name":"CF Finanz","article_publisher":"https:\/\/www.facebook.com\/finanzierung.radke\/","article_modified_time":"2026-01-05T08:27:04+00:00","og_image":[{"width":2560,"height":1051,"url":"https:\/\/cf-finanz.de\/wp-content\/uploads\/2023\/04\/prolognation-slider-1.jpg","type":"image\/jpeg"}],"twitter_card":"summary_large_image","twitter_misc":{"Tiempo de lectura":"3 minutos"},"schema":{"@context":"https:\/\/schema.org","@graph":[{"@type":"WebPage","@id":"https:\/\/cf-finanz.de\/anschlussfinanzierung-finanzierung\/","url":"https:\/\/cf-finanz.de\/anschlussfinanzierung-finanzierung\/","name":"Anschlussfinanzierung - CF Finanz","isPartOf":{"@id":"https:\/\/cf-finanz.de\/#website"},"primaryImageOfPage":{"@id":"https:\/\/cf-finanz.de\/anschlussfinanzierung-finanzierung\/#primaryimage"},"image":{"@id":"https:\/\/cf-finanz.de\/anschlussfinanzierung-finanzierung\/#primaryimage"},"thumbnailUrl":"https:\/\/cf-finanz.de\/wp-content\/uploads\/2023\/04\/prolognation-slider-1.jpg","datePublished":"2023-04-04T09:29:03+00:00","dateModified":"2026-01-05T08:27:04+00:00","description":"Problem: Zu hohe Zinsen? L\u00f6sung: Anschlussfinanzierung & Umschuldung. Unsere L\u00f6sungen f\u00fcr Ihre Probleme.","breadcrumb":{"@id":"https:\/\/cf-finanz.de\/anschlussfinanzierung-finanzierung\/#breadcrumb"},"inLanguage":"es","potentialAction":[{"@type":"ReadAction","target":["https:\/\/cf-finanz.de\/anschlussfinanzierung-finanzierung\/"]}]},{"@type":"ImageObject","inLanguage":"es","@id":"https:\/\/cf-finanz.de\/anschlussfinanzierung-finanzierung\/#primaryimage","url":"https:\/\/cf-finanz.de\/wp-content\/uploads\/2023\/04\/prolognation-slider-1.jpg","contentUrl":"https:\/\/cf-finanz.de\/wp-content\/uploads\/2023\/04\/prolognation-slider-1.jpg","width":2560,"height":1051,"caption":"Prolognation - Kreditverl\u00e4ngerung"},{"@type":"BreadcrumbList","@id":"https:\/\/cf-finanz.de\/anschlussfinanzierung-finanzierung\/#breadcrumb","itemListElement":[{"@type":"ListItem","position":1,"name":"Startseite","item":"https:\/\/cf-finanz.de\/"},{"@type":"ListItem","position":2,"name":"Anschlussfinanzierung-Finanzierung"}]},{"@type":"WebSite","@id":"https:\/\/cf-finanz.de\/#website","url":"https:\/\/cf-finanz.de\/","name":"CF Finanzas","description":"Hipotecas y pr\u00e9stamos en Magdeburgo y Sajonia-Anhalt","publisher":{"@id":"https:\/\/cf-finanz.de\/#organization"},"potentialAction":[{"@type":"SearchAction","target":{"@type":"EntryPoint","urlTemplate":"https:\/\/cf-finanz.de\/?s={search_term_string}"},"query-input":{"@type":"PropertyValueSpecification","valueRequired":true,"valueName":"search_term_string"}}],"inLanguage":"es"},{"@type":"Organization","@id":"https:\/\/cf-finanz.de\/#organization","name":"Financiaci\u00f3n Radke","url":"https:\/\/cf-finanz.de\/","logo":{"@type":"ImageObject","inLanguage":"es","@id":"https:\/\/cf-finanz.de\/#\/schema\/logo\/image\/","url":"https:\/\/kredit-baufinanzierung-radke.de\/wp-content\/uploads\/2021\/05\/radwegrunners_1-1.jpg","contentUrl":"https:\/\/kredit-baufinanzierung-radke.de\/wp-content\/uploads\/2021\/05\/radwegrunners_1-1.jpg","width":1417,"height":592,"caption":"Finanzierung Radke"},"image":{"@id":"https:\/\/cf-finanz.de\/#\/schema\/logo\/image\/"},"sameAs":["https:\/\/www.facebook.com\/finanzierung.radke\/","https:\/\/www.instagram.com\/baufinanzierung_radke\/"]}]}},"_links":{"self":[{"href":"https:\/\/cf-finanz.de\/es\/wp-json\/wp\/v2\/pages\/5230","targetHints":{"allow":["GET"]}}],"collection":[{"href":"https:\/\/cf-finanz.de\/es\/wp-json\/wp\/v2\/pages"}],"about":[{"href":"https:\/\/cf-finanz.de\/es\/wp-json\/wp\/v2\/types\/page"}],"author":[{"embeddable":true,"href":"https:\/\/cf-finanz.de\/es\/wp-json\/wp\/v2\/users\/2"}],"replies":[{"embeddable":true,"href":"https:\/\/cf-finanz.de\/es\/wp-json\/wp\/v2\/comments?post=5230"}],"version-history":[{"count":10,"href":"https:\/\/cf-finanz.de\/es\/wp-json\/wp\/v2\/pages\/5230\/revisions"}],"predecessor-version":[{"id":8039,"href":"https:\/\/cf-finanz.de\/es\/wp-json\/wp\/v2\/pages\/5230\/revisions\/8039"}],"wp:featuredmedia":[{"embeddable":true,"href":"https:\/\/cf-finanz.de\/es\/wp-json\/wp\/v2\/media\/5518"}],"wp:attachment":[{"href":"https:\/\/cf-finanz.de\/es\/wp-json\/wp\/v2\/media?parent=5230"}],"curies":[{"name":"wp","href":"https:\/\/api.w.org\/{rel}","templated":true}]}}