{"id":5249,"date":"2023-04-04T11:29:07","date_gmt":"2023-04-04T09:29:07","guid":{"rendered":"https:\/\/kredit-baufinanzierung-radke.de\/umschuldung-haus-finanzierung\/"},"modified":"2026-01-05T09:26:37","modified_gmt":"2026-01-05T08:26:37","slug":"umschuldung-haus-finanzierung","status":"publish","type":"page","link":"https:\/\/cf-finanz.de\/en\/umschuldung-haus-finanzierung\/","title":{"rendered":"Umschuldung-Haus-Finanzierung"},"content":{"rendered":"<div data-elementor-type=\"wp-page\" data-elementor-id=\"5249\" class=\"elementor elementor-5249\" data-elementor-post-type=\"page\">\n\t\t\t\t<div class=\"elementor-element elementor-element-7fdf7b9b e-con-full e-flex e-con e-parent\" data-id=\"7fdf7b9b\" data-element_type=\"container\" data-settings=\"{&quot;background_background&quot;:&quot;classic&quot;}\">\n\t\t\t\t<\/div>\n\t\t<div class=\"elementor-element elementor-element-28cb812 e-flex e-con-boxed e-con e-parent\" data-id=\"28cb812\" data-element_type=\"container\">\n\t\t\t\t\t<div class=\"e-con-inner\">\n\t\t<div class=\"elementor-element elementor-element-48b7b917 e-con-full e-flex e-con e-child\" data-id=\"48b7b917\" data-element_type=\"container\">\n\t\t\t\t<div class=\"elementor-element elementor-element-651b467f elementor-widget elementor-widget-elementskit-heading\" data-id=\"651b467f\" data-element_type=\"widget\" data-widget_type=\"elementskit-heading.default\">\n\t\t\t\t\t<div class=\"ekit-wid-con\" ><div class=\"ekit-heading elementskit-section-title-wraper text_left   ekit_heading_tablet-   ekit_heading_mobile-\"><h1 class=\"ekit-heading--title elementskit-section-title\">Money problems?<\/h1><\/div><\/div>\t\t\t\t<\/div>\n\t\t\t\t<div class=\"elementor-element elementor-element-4beac69d elementor-widget elementor-widget-elementskit-heading\" data-id=\"4beac69d\" data-element_type=\"widget\" data-widget_type=\"elementskit-heading.default\">\n\t\t\t\t\t<div class=\"ekit-wid-con\" ><div class=\"ekit-heading elementskit-section-title-wraper text_left   ekit_heading_tablet-   ekit_heading_mobile-\"><h1 class=\"ekit-heading--title elementskit-section-title\">Debt rescheduling (house building)<\/h1><\/div><\/div>\t\t\t\t<\/div>\n\t\t\t\t<\/div>\n\t\t\t\t\t<\/div>\n\t\t\t\t<\/div>\n\t\t<div class=\"elementor-element elementor-element-4bdbf41f e-flex e-con-boxed e-con e-parent\" data-id=\"4bdbf41f\" data-element_type=\"container\">\n\t\t\t\t\t<div class=\"e-con-inner\">\n\t\t<div class=\"elementor-element elementor-element-7a095cd0 e-con-full e-flex e-con e-child\" data-id=\"7a095cd0\" data-element_type=\"container\">\n\t\t\t\t<div class=\"elementor-element elementor-element-709d2087 elementor-widget elementor-widget-heading\" data-id=\"709d2087\" data-element_type=\"widget\" data-widget_type=\"heading.default\">\n\t\t\t\t\t<h2 class=\"elementor-heading-title elementor-size-default\">Cost reduction<\/h2>\t\t\t\t<\/div>\n\t\t\t\t<div class=\"elementor-element elementor-element-10e779de elementor-widget elementor-widget-text-editor\" data-id=\"10e779de\" data-element_type=\"widget\" data-widget_type=\"text-editor.default\">\n\t\t\t\t\t\t\t\t\t<p>Debt rescheduling can be a good way of reducing costs and lowering the monthly burden when financing a house build. This can be particularly advantageous if the interest rates for building loans have changed and it is possible to obtain a more favourable loan. At CF Finanz, we offer you professional advice and support in rescheduling your financing. We have extensive experience in the field of property financing and can offer you individually tailored solutions.<\/p><p>Follow-up financing can make sense if the interest rates for building loans have fallen and you would like to save costs as a result. In such a case, it may be advisable to cancel the existing loan and take out a new, more favourable loan. In this way, you can benefit from lower interest rates and reduce your monthly charges. With a forward loan, you can also fix the interest rates for the follow-up financing now and benefit from the current favourable conditions. A forward loan offers you the opportunity to fix the interest rate for subsequent financing now and benefit from the current favourable conditions. In this way, you can secure your finances and protect yourself against future interest rate increases. Our experts at CF Finanz will be happy to advise you individually and work with you to find the right solution for your financing.<\/p>\t\t\t\t\t\t\t\t<\/div>\n\t\t\t\t<\/div>\n\t\t\t\t\t<\/div>\n\t\t\t\t<\/div>\n\t\t<div class=\"elementor-element elementor-element-57fdb926 e-flex e-con-boxed e-con e-parent\" data-id=\"57fdb926\" data-element_type=\"container\" data-settings=\"{&quot;background_background&quot;:&quot;classic&quot;}\">\n\t\t\t\t\t<div class=\"e-con-inner\">\n\t\t<div class=\"elementor-element elementor-element-318151c4 e-con-full e-flex e-con e-child\" data-id=\"318151c4\" data-element_type=\"container\">\n\t\t\t\t<div class=\"elementor-element elementor-element-32d4e2f7 elementor-widget elementor-widget-heading\" data-id=\"32d4e2f7\" data-element_type=\"widget\" data-widget_type=\"heading.default\">\n\t\t\t\t\t<h2 class=\"elementor-heading-title elementor-size-default\">Get out of debt faster<\/h2>\t\t\t\t<\/div>\n\t\t\t\t<div class=\"elementor-element elementor-element-18fe729c elementor-widget elementor-widget-text-editor\" data-id=\"18fe729c\" data-element_type=\"widget\" data-widget_type=\"text-editor.default\">\n\t\t\t\t\t\t\t\t\t<p>By rescheduling, you can also react more flexibly to changes in your financial situation. For example, if your income has increased, you can increase the monthly repayments and thus become debt-free more quickly. It may also be advisable to adjust your financing if your circumstances change and you have a larger family, for example. Our experts at CF Finanz will be happy to advise you individually and work with you to find the right solution for your financing. Contact us now for more information and to discuss your debt rescheduling. We will be happy to provide you with advice and assistance and help you organise your financing.<\/p><p>Debt restructuring can also make sense if you have previously taken out an expensive building loan and would now like to benefit from more favourable conditions. By rescheduling, you can reduce your monthly repayments and thus have more financial leeway for other things. In any case, it's worth looking into the various debt restructuring options and seeking advice from our experts. Contact us today for more information and to discuss your personalised mortgage. We look forward to helping you restructure your mortgage.<\/p>\t\t\t\t\t\t\t\t<\/div>\n\t\t\t\t<\/div>\n\t\t\t\t\t<\/div>\n\t\t\t\t<\/div>\n\t\t<div class=\"elementor-element elementor-element-69273896 e-flex e-con-boxed e-con e-parent\" data-id=\"69273896\" data-element_type=\"container\">\n\t\t\t\t\t<div class=\"e-con-inner\">\n\t\t\t\t<div class=\"elementor-element elementor-element-713d80cb elementor-widget elementor-widget-elementskit-heading\" data-id=\"713d80cb\" data-element_type=\"widget\" data-widget_type=\"elementskit-heading.default\">\n\t\t\t\t\t<div class=\"ekit-wid-con\" ><div class=\"ekit-heading elementskit-section-title-wraper text_center   ekit_heading_tablet-   ekit_heading_mobile-\"><h2 class=\"ekit-heading--title elementskit-section-title\">Our <span><span>Solutions<\/span><\/span> for your <span><span>Problems. <\/span><\/span><\/h2><h3 class=\"ekit-heading--subtitle elementskit-section-subtitle\">\n\t\t\t\t\t\tArrange a free consultation\n\t\t\t\t\t<\/h3><\/div><\/div>\t\t\t\t<\/div>\n\t\t\t\t<div class=\"elementor-element elementor-element-23df5f78 elementor-align-center elementor-widget elementor-widget-button\" data-id=\"23df5f78\" data-element_type=\"widget\" data-widget_type=\"button.default\">\n\t\t\t\t\t\t\t\t\t\t<a class=\"elementor-button elementor-button-link elementor-size-sm\" href=\"https:\/\/calendly.com\/cf-finanz\">\n\t\t\t\t\t\t<span class=\"elementor-button-content-wrapper\">\n\t\t\t\t\t\t\t\t\t<span class=\"elementor-button-text\">Arrange now<\/span>\n\t\t\t\t\t<\/span>\n\t\t\t\t\t<\/a>\n\t\t\t\t\t\t\t\t<\/div>\n\t\t\t\t\t<\/div>\n\t\t\t\t<\/div>\n\t\t<div class=\"elementor-element elementor-element-25227226 e-flex e-con-boxed e-con e-parent\" data-id=\"25227226\" data-element_type=\"container\" data-settings=\"{&quot;background_background&quot;:&quot;classic&quot;}\">\n\t\t\t\t\t<div class=\"e-con-inner\">\n\t\t\t\t<div class=\"elementor-element elementor-element-6daef3f6 elementor-widget elementor-widget-elementskit-heading\" data-id=\"6daef3f6\" data-element_type=\"widget\" data-widget_type=\"elementskit-heading.default\">\n\t\t\t\t\t<div class=\"ekit-wid-con\" ><div class=\"ekit-heading elementskit-section-title-wraper text_center   ekit_heading_tablet-   ekit_heading_mobile-\"><h2 class=\"ekit-heading--title elementskit-section-title\">Check your finances &amp; documents from the comfort of your sofa?<\/h2><\/div><\/div>\t\t\t\t<\/div>\n\t\t\t\t\t<\/div>\n\t\t\t\t<\/div>\n\t\t<div class=\"elementor-element elementor-element-2c225ca6 e-flex e-con-boxed e-con e-parent\" data-id=\"2c225ca6\" data-element_type=\"container\" data-settings=\"{&quot;background_background&quot;:&quot;classic&quot;}\">\n\t\t\t\t\t<div class=\"e-con-inner\">\n\t\t<div class=\"elementor-element elementor-element-4787049f e-con-full e-flex e-con e-child\" data-id=\"4787049f\" data-element_type=\"container\">\n\t\t\t\t<div class=\"elementor-element elementor-element-4bd57991 ekit-equal-height-disable elementor-widget elementor-widget-elementskit-icon-box\" data-id=\"4bd57991\" data-element_type=\"widget\" data-widget_type=\"elementskit-icon-box.default\">\n\t\t\t\t\t<div class=\"ekit-wid-con\" >        <!-- link opening -->\n                <!-- end link opening -->\n\n        <div class=\"elementskit-infobox text-center text- icon-top-align elementor-animation-\">\n                    <div class=\"elementskit-box-header elementor-animation-\">\n                <div class=\"elementskit-info-box-icon\">\n                    <i aria-hidden=\"true\" class=\"elementkit-infobox-icon icon icon-calculator1\"><\/i>\n                <\/div>\n          <\/div>\n                        <div class=\"box-body\">\n                            <h3 class=\"elementskit-info-box-title\">\n                    Online calculator                <\/h3>\n                        \t\t  \t<p>Conveniently check the options in advance.<\/p>\n                                        <div class=\"box-footer disable_hover_button\">\n                    <div class=\"btn-wraper\">\n                                                            <a class=\"elementskit-btn whitespace--normal\" href=\"https:\/\/kredit-baufinanzierung-radke.de\/online-rechner-fuer-kredite-finanzierung\/\">\n                                                                                LEARN MORE                                    <\/a>\n                                                        <\/div>\n                <\/div>\n                    <\/div>\n        \n        \n                <\/div>\n        <\/div>\t\t\t\t<\/div>\n\t\t\t\t<\/div>\n\t\t<div class=\"elementor-element elementor-element-507037f3 e-con-full e-flex e-con e-child\" data-id=\"507037f3\" data-element_type=\"container\">\n\t\t\t\t<div class=\"elementor-element elementor-element-787acdf7 ekit-equal-height-disable elementor-widget elementor-widget-elementskit-icon-box\" data-id=\"787acdf7\" data-element_type=\"widget\" data-widget_type=\"elementskit-icon-box.default\">\n\t\t\t\t\t<div class=\"ekit-wid-con\" >        <!-- link opening -->\n                <!-- end link opening -->\n\n        <div class=\"elementskit-infobox text-center text- icon-top-align elementor-animation-\">\n                    <div class=\"elementskit-box-header elementor-animation-\">\n                <div class=\"elementskit-info-box-icon\">\n                    <i aria-hidden=\"true\" class=\"elementkit-infobox-icon icon icon-file-1\"><\/i>\n                <\/div>\n          <\/div>\n                        <div class=\"box-body\">\n                            <h3 class=\"elementskit-info-box-title\">\n                    Documents                <\/h3>\n                        \t\t  \t<p>You can find the documents you need on our website.<\/p>\n                                        <div class=\"box-footer disable_hover_button\">\n                    <div class=\"btn-wraper\">\n                                                            <a class=\"elementskit-btn whitespace--normal\" href=\"https:\/\/kredit-baufinanzierung-radke.de\/unterlagenliste-kredit-finanzierung\/\">\n                                                                                LEARN MORE                                    <\/a>\n                                                        <\/div>\n                <\/div>\n                    <\/div>\n        \n        \n                <\/div>\n        <\/div>\t\t\t\t<\/div>\n\t\t\t\t<\/div>\n\t\t<div class=\"elementor-element elementor-element-4511cd85 e-con-full e-flex e-con e-child\" data-id=\"4511cd85\" data-element_type=\"container\">\n\t\t\t\t<div class=\"elementor-element elementor-element-6b2dbe59 ekit-equal-height-disable elementor-widget elementor-widget-elementskit-icon-box\" data-id=\"6b2dbe59\" data-element_type=\"widget\" data-widget_type=\"elementskit-icon-box.default\">\n\t\t\t\t\t<div class=\"ekit-wid-con\" >        <!-- link opening -->\n                <!-- end link opening -->\n\n        <div class=\"elementskit-infobox text-center text- icon-top-align elementor-animation-\">\n                    <div class=\"elementskit-box-header elementor-animation-\">\n                <div class=\"elementskit-info-box-icon\">\n                    <i aria-hidden=\"true\" class=\"elementkit-infobox-icon icon icon-Safe-house\"><\/i>\n                <\/div>\n          <\/div>\n                        <div class=\"box-body\">\n                            <h3 class=\"elementskit-info-box-title\">\n                    Property valuation                <\/h3>\n                        \t\t  \t<p>With just a few clicks, you know what your property is worth.<\/p>\n                                        <div class=\"box-footer disable_hover_button\">\n                    <div class=\"btn-wraper\">\n                                                            <a class=\"elementskit-btn whitespace--normal\" href=\"https:\/\/kredit-baufinanzierung-radke.de\/immobilienbewertung-finanzierung\/\">\n                                                                                LEARN MORE                                    <\/a>\n                                                        <\/div>\n                <\/div>\n                    <\/div>\n        \n        \n                <\/div>\n        <\/div>\t\t\t\t<\/div>\n\t\t\t\t<\/div>\n\t\t\t\t\t<\/div>\n\t\t\t\t<\/div>\n\t\t\t\t<\/div>","protected":false},"excerpt":{"rendered":"<p>Geldprobleme? Umschuldung (Hausbau) Kostenreduzierung Eine Umschuldung kann bei der Finanzierung eines Hausbaus eine gute M\u00f6glichkeit sein, um die Kosten zu reduzieren und die monatliche Belastung zu verringern. Dies kann besonders dann von Vorteil sein, wenn sich die Zinsen f\u00fcr Baukredite ver\u00e4ndert haben und es m\u00f6glich ist, ein g\u00fcnstigeres Kredit zu erhalten. Bei CF Finanz bieten [&hellip;]<\/p>","protected":false},"author":2,"featured_media":5262,"parent":0,"menu_order":0,"comment_status":"closed","ping_status":"closed","template":"elementor_header_footer","meta":{"_acf_changed":false,"footnotes":""},"class_list":["post-5249","page","type-page","status-publish","has-post-thumbnail","hentry"],"acf":[],"yoast_head":"<!-- This site is optimized with the Yoast SEO plugin v26.7 - https:\/\/yoast.com\/wordpress\/plugins\/seo\/ -->\n<title>Umschuldung Baufinazierung- CF Finanz<\/title>\n<meta name=\"description\" content=\"Eine Umschuldung kann bei der Finanzierung eines Hausbaus eine gute M\u00f6glichkeit sein, um die Kosten zu reduzieren.\" \/>\n<meta name=\"robots\" content=\"index, follow, max-snippet:-1, max-image-preview:large, max-video-preview:-1\" \/>\n<link rel=\"canonical\" href=\"https:\/\/cf-finanz.de\/en\/umschuldung-haus-finanzierung\/\" \/>\n<meta property=\"og:locale\" content=\"en_GB\" \/>\n<meta property=\"og:type\" content=\"article\" \/>\n<meta property=\"og:title\" content=\"Umschuldung Baufinazierung- CF Finanz\" \/>\n<meta property=\"og:description\" content=\"Eine Umschuldung kann bei der Finanzierung eines Hausbaus eine gute M\u00f6glichkeit sein, um die Kosten zu reduzieren.\" \/>\n<meta property=\"og:url\" content=\"https:\/\/cf-finanz.de\/en\/umschuldung-haus-finanzierung\/\" \/>\n<meta property=\"og:site_name\" content=\"CF Finanz\" \/>\n<meta property=\"article:publisher\" content=\"https:\/\/www.facebook.com\/finanzierung.radke\/\" \/>\n<meta property=\"article:modified_time\" content=\"2026-01-05T08:26:37+00:00\" \/>\n<meta property=\"og:image\" content=\"https:\/\/cf-finanz.de\/wp-content\/uploads\/2023\/04\/slider-5-scaled-1.jpg\" \/>\n\t<meta property=\"og:image:width\" content=\"2560\" \/>\n\t<meta property=\"og:image:height\" content=\"651\" \/>\n\t<meta property=\"og:image:type\" content=\"image\/jpeg\" \/>\n<meta name=\"twitter:card\" content=\"summary_large_image\" \/>\n<meta name=\"twitter:label1\" content=\"Estimated reading time\" \/>\n\t<meta name=\"twitter:data1\" content=\"3 minutes\" \/>\n<script type=\"application\/ld+json\" class=\"yoast-schema-graph\">{\"@context\":\"https:\/\/schema.org\",\"@graph\":[{\"@type\":\"WebPage\",\"@id\":\"https:\/\/cf-finanz.de\/umschuldung-haus-finanzierung\/\",\"url\":\"https:\/\/cf-finanz.de\/umschuldung-haus-finanzierung\/\",\"name\":\"Umschuldung Baufinazierung- CF Finanz\",\"isPartOf\":{\"@id\":\"https:\/\/cf-finanz.de\/#website\"},\"primaryImageOfPage\":{\"@id\":\"https:\/\/cf-finanz.de\/umschuldung-haus-finanzierung\/#primaryimage\"},\"image\":{\"@id\":\"https:\/\/cf-finanz.de\/umschuldung-haus-finanzierung\/#primaryimage\"},\"thumbnailUrl\":\"https:\/\/cf-finanz.de\/wp-content\/uploads\/2023\/04\/slider-5-scaled-1.jpg\",\"datePublished\":\"2023-04-04T09:29:07+00:00\",\"dateModified\":\"2026-01-05T08:26:37+00:00\",\"description\":\"Eine Umschuldung kann bei der Finanzierung eines Hausbaus eine gute M\u00f6glichkeit sein, um die Kosten zu reduzieren.\",\"breadcrumb\":{\"@id\":\"https:\/\/cf-finanz.de\/umschuldung-haus-finanzierung\/#breadcrumb\"},\"inLanguage\":\"en-GB\",\"potentialAction\":[{\"@type\":\"ReadAction\",\"target\":[\"https:\/\/cf-finanz.de\/umschuldung-haus-finanzierung\/\"]}]},{\"@type\":\"ImageObject\",\"inLanguage\":\"en-GB\",\"@id\":\"https:\/\/cf-finanz.de\/umschuldung-haus-finanzierung\/#primaryimage\",\"url\":\"https:\/\/cf-finanz.de\/wp-content\/uploads\/2023\/04\/slider-5-scaled-1.jpg\",\"contentUrl\":\"https:\/\/cf-finanz.de\/wp-content\/uploads\/2023\/04\/slider-5-scaled-1.jpg\",\"width\":2560,\"height\":651},{\"@type\":\"BreadcrumbList\",\"@id\":\"https:\/\/cf-finanz.de\/umschuldung-haus-finanzierung\/#breadcrumb\",\"itemListElement\":[{\"@type\":\"ListItem\",\"position\":1,\"name\":\"Startseite\",\"item\":\"https:\/\/cf-finanz.de\/\"},{\"@type\":\"ListItem\",\"position\":2,\"name\":\"Umschuldung-Haus-Finanzierung\"}]},{\"@type\":\"WebSite\",\"@id\":\"https:\/\/cf-finanz.de\/#website\",\"url\":\"https:\/\/cf-finanz.de\/\",\"name\":\"CF Finanz\",\"description\":\"Baufinanzierung und Kredite in Magdeburg und Sachsen-Anhalt\",\"publisher\":{\"@id\":\"https:\/\/cf-finanz.de\/#organization\"},\"potentialAction\":[{\"@type\":\"SearchAction\",\"target\":{\"@type\":\"EntryPoint\",\"urlTemplate\":\"https:\/\/cf-finanz.de\/?s={search_term_string}\"},\"query-input\":{\"@type\":\"PropertyValueSpecification\",\"valueRequired\":true,\"valueName\":\"search_term_string\"}}],\"inLanguage\":\"en-GB\"},{\"@type\":\"Organization\",\"@id\":\"https:\/\/cf-finanz.de\/#organization\",\"name\":\"Finanzierung Radke\",\"url\":\"https:\/\/cf-finanz.de\/\",\"logo\":{\"@type\":\"ImageObject\",\"inLanguage\":\"en-GB\",\"@id\":\"https:\/\/cf-finanz.de\/#\/schema\/logo\/image\/\",\"url\":\"https:\/\/kredit-baufinanzierung-radke.de\/wp-content\/uploads\/2021\/05\/radwegrunners_1-1.jpg\",\"contentUrl\":\"https:\/\/kredit-baufinanzierung-radke.de\/wp-content\/uploads\/2021\/05\/radwegrunners_1-1.jpg\",\"width\":1417,\"height\":592,\"caption\":\"Finanzierung Radke\"},\"image\":{\"@id\":\"https:\/\/cf-finanz.de\/#\/schema\/logo\/image\/\"},\"sameAs\":[\"https:\/\/www.facebook.com\/finanzierung.radke\/\",\"https:\/\/www.instagram.com\/baufinanzierung_radke\/\"]}]}<\/script>\n<!-- \/ Yoast SEO plugin. -->","yoast_head_json":{"title":"Umschuldung Baufinazierung- CF Finanz","description":"Eine Umschuldung kann bei der Finanzierung eines Hausbaus eine gute M\u00f6glichkeit sein, um die Kosten zu reduzieren.","robots":{"index":"index","follow":"follow","max-snippet":"max-snippet:-1","max-image-preview":"max-image-preview:large","max-video-preview":"max-video-preview:-1"},"canonical":"https:\/\/cf-finanz.de\/en\/umschuldung-haus-finanzierung\/","og_locale":"en_GB","og_type":"article","og_title":"Umschuldung Baufinazierung- CF Finanz","og_description":"Eine Umschuldung kann bei der Finanzierung eines Hausbaus eine gute M\u00f6glichkeit sein, um die Kosten zu reduzieren.","og_url":"https:\/\/cf-finanz.de\/en\/umschuldung-haus-finanzierung\/","og_site_name":"CF Finanz","article_publisher":"https:\/\/www.facebook.com\/finanzierung.radke\/","article_modified_time":"2026-01-05T08:26:37+00:00","og_image":[{"width":2560,"height":651,"url":"https:\/\/cf-finanz.de\/wp-content\/uploads\/2023\/04\/slider-5-scaled-1.jpg","type":"image\/jpeg"}],"twitter_card":"summary_large_image","twitter_misc":{"Estimated reading time":"3 minutes"},"schema":{"@context":"https:\/\/schema.org","@graph":[{"@type":"WebPage","@id":"https:\/\/cf-finanz.de\/umschuldung-haus-finanzierung\/","url":"https:\/\/cf-finanz.de\/umschuldung-haus-finanzierung\/","name":"Umschuldung Baufinazierung- CF Finanz","isPartOf":{"@id":"https:\/\/cf-finanz.de\/#website"},"primaryImageOfPage":{"@id":"https:\/\/cf-finanz.de\/umschuldung-haus-finanzierung\/#primaryimage"},"image":{"@id":"https:\/\/cf-finanz.de\/umschuldung-haus-finanzierung\/#primaryimage"},"thumbnailUrl":"https:\/\/cf-finanz.de\/wp-content\/uploads\/2023\/04\/slider-5-scaled-1.jpg","datePublished":"2023-04-04T09:29:07+00:00","dateModified":"2026-01-05T08:26:37+00:00","description":"Eine Umschuldung kann bei der Finanzierung eines Hausbaus eine gute M\u00f6glichkeit sein, um die Kosten zu reduzieren.","breadcrumb":{"@id":"https:\/\/cf-finanz.de\/umschuldung-haus-finanzierung\/#breadcrumb"},"inLanguage":"en-GB","potentialAction":[{"@type":"ReadAction","target":["https:\/\/cf-finanz.de\/umschuldung-haus-finanzierung\/"]}]},{"@type":"ImageObject","inLanguage":"en-GB","@id":"https:\/\/cf-finanz.de\/umschuldung-haus-finanzierung\/#primaryimage","url":"https:\/\/cf-finanz.de\/wp-content\/uploads\/2023\/04\/slider-5-scaled-1.jpg","contentUrl":"https:\/\/cf-finanz.de\/wp-content\/uploads\/2023\/04\/slider-5-scaled-1.jpg","width":2560,"height":651},{"@type":"BreadcrumbList","@id":"https:\/\/cf-finanz.de\/umschuldung-haus-finanzierung\/#breadcrumb","itemListElement":[{"@type":"ListItem","position":1,"name":"Startseite","item":"https:\/\/cf-finanz.de\/"},{"@type":"ListItem","position":2,"name":"Umschuldung-Haus-Finanzierung"}]},{"@type":"WebSite","@id":"https:\/\/cf-finanz.de\/#website","url":"https:\/\/cf-finanz.de\/","name":"CF Finance","description":"Mortgages and loans in Magdeburg and Saxony-Anhalt","publisher":{"@id":"https:\/\/cf-finanz.de\/#organization"},"potentialAction":[{"@type":"SearchAction","target":{"@type":"EntryPoint","urlTemplate":"https:\/\/cf-finanz.de\/?s={search_term_string}"},"query-input":{"@type":"PropertyValueSpecification","valueRequired":true,"valueName":"search_term_string"}}],"inLanguage":"en-GB"},{"@type":"Organization","@id":"https:\/\/cf-finanz.de\/#organization","name":"Financing Radke","url":"https:\/\/cf-finanz.de\/","logo":{"@type":"ImageObject","inLanguage":"en-GB","@id":"https:\/\/cf-finanz.de\/#\/schema\/logo\/image\/","url":"https:\/\/kredit-baufinanzierung-radke.de\/wp-content\/uploads\/2021\/05\/radwegrunners_1-1.jpg","contentUrl":"https:\/\/kredit-baufinanzierung-radke.de\/wp-content\/uploads\/2021\/05\/radwegrunners_1-1.jpg","width":1417,"height":592,"caption":"Finanzierung Radke"},"image":{"@id":"https:\/\/cf-finanz.de\/#\/schema\/logo\/image\/"},"sameAs":["https:\/\/www.facebook.com\/finanzierung.radke\/","https:\/\/www.instagram.com\/baufinanzierung_radke\/"]}]}},"_links":{"self":[{"href":"https:\/\/cf-finanz.de\/en\/wp-json\/wp\/v2\/pages\/5249","targetHints":{"allow":["GET"]}}],"collection":[{"href":"https:\/\/cf-finanz.de\/en\/wp-json\/wp\/v2\/pages"}],"about":[{"href":"https:\/\/cf-finanz.de\/en\/wp-json\/wp\/v2\/types\/page"}],"author":[{"embeddable":true,"href":"https:\/\/cf-finanz.de\/en\/wp-json\/wp\/v2\/users\/2"}],"replies":[{"embeddable":true,"href":"https:\/\/cf-finanz.de\/en\/wp-json\/wp\/v2\/comments?post=5249"}],"version-history":[{"count":10,"href":"https:\/\/cf-finanz.de\/en\/wp-json\/wp\/v2\/pages\/5249\/revisions"}],"predecessor-version":[{"id":8030,"href":"https:\/\/cf-finanz.de\/en\/wp-json\/wp\/v2\/pages\/5249\/revisions\/8030"}],"wp:featuredmedia":[{"embeddable":true,"href":"https:\/\/cf-finanz.de\/en\/wp-json\/wp\/v2\/media\/5262"}],"wp:attachment":[{"href":"https:\/\/cf-finanz.de\/en\/wp-json\/wp\/v2\/media?parent=5249"}],"curies":[{"name":"wp","href":"https:\/\/api.w.org\/{rel}","templated":true}]}}