{"id":5230,"date":"2023-04-04T11:29:03","date_gmt":"2023-04-04T09:29:03","guid":{"rendered":"https:\/\/kredit-baufinanzierung-radke.de\/anschlussfinanzierung-finanzierung\/"},"modified":"2026-01-05T09:27:04","modified_gmt":"2026-01-05T08:27:04","slug":"anschlussfinanzierung-finanzierung","status":"publish","type":"page","link":"https:\/\/cf-finanz.de\/en\/anschlussfinanzierung-finanzierung\/","title":{"rendered":"Anschlussfinanzierung-Finanzierung"},"content":{"rendered":"<div data-elementor-type=\"wp-page\" data-elementor-id=\"5230\" class=\"elementor elementor-5230\" data-elementor-post-type=\"page\">\n\t\t\t\t<div class=\"elementor-element elementor-element-2774193a e-con-full e-flex e-con e-parent\" data-id=\"2774193a\" data-element_type=\"container\" data-settings=\"{&quot;background_background&quot;:&quot;classic&quot;}\">\n\t\t\t\t<\/div>\n\t\t<div class=\"elementor-element elementor-element-7c266f2a e-flex e-con-boxed e-con e-parent\" data-id=\"7c266f2a\" data-element_type=\"container\">\n\t\t\t\t\t<div class=\"e-con-inner\">\n\t\t<div class=\"elementor-element elementor-element-370b27a e-con-full e-flex e-con e-child\" data-id=\"370b27a\" data-element_type=\"container\">\n\t\t\t\t<div class=\"elementor-element elementor-element-6cf239f0 elementor-widget elementor-widget-elementskit-heading\" data-id=\"6cf239f0\" data-element_type=\"widget\" data-widget_type=\"elementskit-heading.default\">\n\t\t\t\t\t<div class=\"ekit-wid-con\" ><div class=\"ekit-heading elementskit-section-title-wraper text_left   ekit_heading_tablet-   ekit_heading_mobile-\"><h1 class=\"ekit-heading--title elementskit-section-title\">Problem: Interest rates too high?<\/h1><\/div><\/div>\t\t\t\t<\/div>\n\t\t\t\t<div class=\"elementor-element elementor-element-29c4c7fa elementor-widget elementor-widget-elementskit-heading\" data-id=\"29c4c7fa\" data-element_type=\"widget\" data-widget_type=\"elementskit-heading.default\">\n\t\t\t\t\t<div class=\"ekit-wid-con\" ><div class=\"ekit-heading elementskit-section-title-wraper text_left   ekit_heading_tablet-   ekit_heading_mobile-\"><h1 class=\"ekit-heading--title elementskit-section-title\">Solution: Follow-up financing &amp; debt rescheduling<\/h1><\/div><\/div>\t\t\t\t<\/div>\n\t\t\t\t<\/div>\n\t\t\t\t\t<\/div>\n\t\t\t\t<\/div>\n\t\t<div class=\"elementor-element elementor-element-2cfd5358 e-flex e-con-boxed e-con e-parent\" data-id=\"2cfd5358\" data-element_type=\"container\">\n\t\t\t\t\t<div class=\"e-con-inner\">\n\t\t<div class=\"elementor-element elementor-element-1b87f729 e-con-full e-flex e-con e-child\" data-id=\"1b87f729\" data-element_type=\"container\">\n\t\t\t\t<div class=\"elementor-element elementor-element-5d16cbf5 elementor-widget elementor-widget-heading\" data-id=\"5d16cbf5\" data-element_type=\"widget\" data-widget_type=\"heading.default\">\n\t\t\t\t\t<h2 class=\"elementor-heading-title elementor-size-default\">What is follow-up financing?<\/h2>\t\t\t\t<\/div>\n\t\t\t\t<div class=\"elementor-element elementor-element-2b26ec47 elementor-widget elementor-widget-text-editor\" data-id=\"2b26ec47\" data-element_type=\"widget\" data-widget_type=\"text-editor.default\">\n\t\t\t\t\t\t\t\t\t<p>In banking, follow-up financing refers to the agreement of a new loan interest rate for the entire term of the loan after the fixed interest period has expired. This means that an existing loan is replaced by a new loan from the same bank. The original loan term is not extended, but it is ensured that the interest rate remains the same for the entire term of the loan.<\/p>\n<p>So it's important to ask yourself the right questions at the start. What monthly repayments do you want to make? When can or do you want to repay the loan in full? And what fixed interest rate makes sense? Your bank may not be the best advisor when it comes to renegotiating the loan and the conditions with previous borrowers. Changes are often associated with high costs.<\/p>\n<p>CF Finanz can help you take the final decisive step towards paying off your home. We offer you competent and non-binding advice on follow-up financing and debt rescheduling so that you can reach your goal safely and at favourable interest rates.<\/p>\t\t\t\t\t\t\t\t<\/div>\n\t\t\t\t<\/div>\n\t\t\t\t\t<\/div>\n\t\t\t\t<\/div>\n\t\t<div class=\"elementor-element elementor-element-29022505 e-flex e-con-boxed e-con e-parent\" data-id=\"29022505\" data-element_type=\"container\" data-settings=\"{&quot;background_background&quot;:&quot;classic&quot;}\">\n\t\t\t\t\t<div class=\"e-con-inner\">\n\t\t<div class=\"elementor-element elementor-element-328c5be3 e-con-full e-flex e-con e-child\" data-id=\"328c5be3\" data-element_type=\"container\">\n\t\t\t\t<div class=\"elementor-element elementor-element-215aa7cf elementor-widget elementor-widget-heading\" data-id=\"215aa7cf\" data-element_type=\"widget\" data-widget_type=\"heading.default\">\n\t\t\t\t\t<h2 class=\"elementor-heading-title elementor-size-default\">What is debt rescheduling? <\/h2>\t\t\t\t<\/div>\n\t\t\t\t<div class=\"elementor-element elementor-element-6e3a1901 elementor-widget elementor-widget-text-editor\" data-id=\"6e3a1901\" data-element_type=\"widget\" data-widget_type=\"text-editor.default\">\n\t\t\t\t\t\t\t\t\t<p>Rescheduling can be a good way to save money in the long term. If you switch providers, you may get better terms than you did with your original loan. This may include lower interest rates and other favourable terms.<\/p><p>With a debt restructuring, you can take out a new property loan with favourable interest rates. The loan agreement is drawn up after an offer has been selected and may require documentation on the property value and your own financial situation. At the same time, the loan with the old bank is cancelled and a confirmation of cancellation is requested. The banks then clarify everything between themselves and a redemption date is agreed once the redemption amount is known.<\/p><p>However, debt rescheduling also has some disadvantages. As a rule, a new credit check of the loan applicant is required. This means that a lender will check your credit history to determine whether you are a good credit risk. In some cases, this can lead to a rejection.<\/p><p>In any case, it is advisable to seek advice from an independent financial advisor who can help you navigate the various options and make the best decision.<\/p><p>Our Magdeburg-based company specialises in financing services for employees and the self-employed and provides support with expertise and many years of experience in private and commercial financing. Whether for home ownership, debt rescheduling or major purchases, our team ensures care and precision when it comes to large sums of money.<\/p><p>So if you are looking for the best financing advice and the most favourable financing strategy for your property purchase or debt restructuring, you have come to the right place.<\/p><p>We advise you on construction financing and loans in the Magdeburg, Saxony-Anhalt, Berlin, Brandenburg, Saxony and Lower Saxony regions.<\/p>\t\t\t\t\t\t\t\t<\/div>\n\t\t\t\t<\/div>\n\t\t\t\t\t<\/div>\n\t\t\t\t<\/div>\n\t\t<div class=\"elementor-element elementor-element-d35586c e-flex e-con-boxed e-con e-parent\" data-id=\"d35586c\" data-element_type=\"container\">\n\t\t\t\t\t<div class=\"e-con-inner\">\n\t\t\t\t<div class=\"elementor-element elementor-element-774d7ca0 elementor-widget elementor-widget-elementskit-heading\" data-id=\"774d7ca0\" data-element_type=\"widget\" data-widget_type=\"elementskit-heading.default\">\n\t\t\t\t\t<div class=\"ekit-wid-con\" ><div class=\"ekit-heading elementskit-section-title-wraper text_center   ekit_heading_tablet-   ekit_heading_mobile-\"><h2 class=\"ekit-heading--title elementskit-section-title\">Our <span><span>Solutions<\/span><\/span> for your <span><span>Problems. <\/span><\/span><\/h2><h3 class=\"ekit-heading--subtitle elementskit-section-subtitle\">\n\t\t\t\t\t\tArrange a free consultation\n\t\t\t\t\t<\/h3><\/div><\/div>\t\t\t\t<\/div>\n\t\t\t\t<div class=\"elementor-element elementor-element-6b5bc74d elementor-align-center elementor-widget elementor-widget-button\" data-id=\"6b5bc74d\" data-element_type=\"widget\" data-widget_type=\"button.default\">\n\t\t\t\t\t\t\t\t\t\t<a class=\"elementor-button elementor-button-link elementor-size-sm\" href=\"https:\/\/calendly.com\/cf-finanz\">\n\t\t\t\t\t\t<span class=\"elementor-button-content-wrapper\">\n\t\t\t\t\t\t\t\t\t<span class=\"elementor-button-text\">Arrange now<\/span>\n\t\t\t\t\t<\/span>\n\t\t\t\t\t<\/a>\n\t\t\t\t\t\t\t\t<\/div>\n\t\t\t\t\t<\/div>\n\t\t\t\t<\/div>\n\t\t<div class=\"elementor-element elementor-element-707cc4a6 e-flex e-con-boxed e-con e-parent\" data-id=\"707cc4a6\" data-element_type=\"container\" data-settings=\"{&quot;background_background&quot;:&quot;classic&quot;}\">\n\t\t\t\t\t<div class=\"e-con-inner\">\n\t\t\t\t<div class=\"elementor-element elementor-element-5a8f7d89 elementor-widget elementor-widget-elementskit-heading\" data-id=\"5a8f7d89\" data-element_type=\"widget\" data-widget_type=\"elementskit-heading.default\">\n\t\t\t\t\t<div class=\"ekit-wid-con\" ><div class=\"ekit-heading elementskit-section-title-wraper text_center   ekit_heading_tablet-   ekit_heading_mobile-\"><h2 class=\"ekit-heading--title elementskit-section-title\">Check your finances &amp; documents from the comfort of your sofa?<\/h2><\/div><\/div>\t\t\t\t<\/div>\n\t\t\t\t\t<\/div>\n\t\t\t\t<\/div>\n\t\t<div class=\"elementor-element elementor-element-61b09222 e-flex e-con-boxed e-con e-parent\" data-id=\"61b09222\" data-element_type=\"container\" data-settings=\"{&quot;background_background&quot;:&quot;classic&quot;}\">\n\t\t\t\t\t<div class=\"e-con-inner\">\n\t\t<div class=\"elementor-element elementor-element-4c22ae15 e-con-full e-flex e-con e-child\" data-id=\"4c22ae15\" data-element_type=\"container\">\n\t\t\t\t<div class=\"elementor-element elementor-element-328a3c73 ekit-equal-height-disable elementor-widget elementor-widget-elementskit-icon-box\" data-id=\"328a3c73\" data-element_type=\"widget\" data-widget_type=\"elementskit-icon-box.default\">\n\t\t\t\t\t<div class=\"ekit-wid-con\" >        <!-- link opening -->\n                <!-- end link opening -->\n\n        <div class=\"elementskit-infobox text-center text- icon-top-align elementor-animation-\">\n                    <div class=\"elementskit-box-header elementor-animation-\">\n                <div class=\"elementskit-info-box-icon\">\n                    <i aria-hidden=\"true\" class=\"elementkit-infobox-icon icon icon-calculator1\"><\/i>\n                <\/div>\n          <\/div>\n                        <div class=\"box-body\">\n                            <h3 class=\"elementskit-info-box-title\">\n                    Online calculator                <\/h3>\n                        \t\t  \t<p>Conveniently check the options in advance.<\/p>\n                                        <div class=\"box-footer disable_hover_button\">\n                    <div class=\"btn-wraper\">\n                                                            <a class=\"elementskit-btn whitespace--normal\" href=\"https:\/\/kredit-baufinanzierung-radke.de\/online-rechner-fuer-kredite-finanzierung\/\">\n                                                                                LEARN MORE                                    <\/a>\n                                                        <\/div>\n                <\/div>\n                    <\/div>\n        \n        \n                <\/div>\n        <\/div>\t\t\t\t<\/div>\n\t\t\t\t<\/div>\n\t\t<div class=\"elementor-element elementor-element-578e53e6 e-con-full e-flex e-con e-child\" data-id=\"578e53e6\" data-element_type=\"container\">\n\t\t\t\t<div class=\"elementor-element elementor-element-706d110d ekit-equal-height-disable elementor-widget elementor-widget-elementskit-icon-box\" data-id=\"706d110d\" data-element_type=\"widget\" data-widget_type=\"elementskit-icon-box.default\">\n\t\t\t\t\t<div class=\"ekit-wid-con\" >        <!-- link opening -->\n                <!-- end link opening -->\n\n        <div class=\"elementskit-infobox text-center text- icon-top-align elementor-animation-\">\n                    <div class=\"elementskit-box-header elementor-animation-\">\n                <div class=\"elementskit-info-box-icon\">\n                    <i aria-hidden=\"true\" class=\"elementkit-infobox-icon icon icon-file-1\"><\/i>\n                <\/div>\n          <\/div>\n                        <div class=\"box-body\">\n                            <h3 class=\"elementskit-info-box-title\">\n                    Documents                <\/h3>\n                        \t\t  \t<p>You can find the documents you need on our website.<\/p>\n                                        <div class=\"box-footer disable_hover_button\">\n                    <div class=\"btn-wraper\">\n                                                            <a class=\"elementskit-btn whitespace--normal\" href=\"https:\/\/kredit-baufinanzierung-radke.de\/unterlagenliste-kredit-finanzierung\/\">\n                                                                                LEARN MORE                                    <\/a>\n                                                        <\/div>\n                <\/div>\n                    <\/div>\n        \n        \n                <\/div>\n        <\/div>\t\t\t\t<\/div>\n\t\t\t\t<\/div>\n\t\t<div class=\"elementor-element elementor-element-7cf9679c e-con-full e-flex e-con e-child\" data-id=\"7cf9679c\" data-element_type=\"container\">\n\t\t\t\t<div class=\"elementor-element elementor-element-653f1162 ekit-equal-height-disable elementor-widget elementor-widget-elementskit-icon-box\" data-id=\"653f1162\" data-element_type=\"widget\" data-widget_type=\"elementskit-icon-box.default\">\n\t\t\t\t\t<div class=\"ekit-wid-con\" >        <!-- link opening -->\n                <!-- end link opening -->\n\n        <div class=\"elementskit-infobox text-center text- icon-top-align elementor-animation-\">\n                    <div class=\"elementskit-box-header elementor-animation-\">\n                <div class=\"elementskit-info-box-icon\">\n                    <i aria-hidden=\"true\" class=\"elementkit-infobox-icon icon icon-Safe-house\"><\/i>\n                <\/div>\n          <\/div>\n                        <div class=\"box-body\">\n                            <h3 class=\"elementskit-info-box-title\">\n                    Property valuation                <\/h3>\n                        \t\t  \t<p>With just a few clicks, you know what your property is worth.<\/p>\n                                        <div class=\"box-footer disable_hover_button\">\n                    <div class=\"btn-wraper\">\n                                                            <a class=\"elementskit-btn whitespace--normal\" href=\"https:\/\/kredit-baufinanzierung-radke.de\/immobilienbewertung-finanzierung\/\">\n                                                                                LEARN MORE                                    <\/a>\n                                                        <\/div>\n                <\/div>\n                    <\/div>\n        \n        \n                <\/div>\n        <\/div>\t\t\t\t<\/div>\n\t\t\t\t<\/div>\n\t\t\t\t\t<\/div>\n\t\t\t\t<\/div>\n\t\t\t\t<\/div>","protected":false},"excerpt":{"rendered":"<p>Problem: Zu hohe Zinsen? L\u00f6sung: Anschlussfinanzierung &amp; Umschuldung Was ist eine Anschlussfinanzierung? Unter einer Anschlussfinanzierung versteht man im Bankwesen die Vereinbarung eines neuen Darlehenszinses f\u00fcr die gesamte Kreditlaufzeit nach Ablauf der Zinsbindungsfrist. Es wird also ein bestehendes Darlehen durch ein neues Darlehen der gleichen Bank abgel\u00f6st. Dabei wird die urspr\u00fcngliche Kreditlaufzeit nicht verl\u00e4ngert, sondern es [&hellip;]<\/p>","protected":false},"author":2,"featured_media":5518,"parent":0,"menu_order":0,"comment_status":"closed","ping_status":"closed","template":"elementor_header_footer","meta":{"_acf_changed":false,"footnotes":""},"class_list":["post-5230","page","type-page","status-publish","has-post-thumbnail","hentry"],"acf":[],"yoast_head":"<!-- This site is optimized with the Yoast SEO plugin v26.7 - https:\/\/yoast.com\/wordpress\/plugins\/seo\/ -->\n<title>Anschlussfinanzierung - CF Finanz<\/title>\n<meta name=\"description\" content=\"Problem: Zu hohe Zinsen? L\u00f6sung: Anschlussfinanzierung &amp; Umschuldung. Unsere L\u00f6sungen f\u00fcr Ihre Probleme.\" \/>\n<meta name=\"robots\" content=\"index, follow, max-snippet:-1, max-image-preview:large, max-video-preview:-1\" \/>\n<link rel=\"canonical\" href=\"https:\/\/cf-finanz.de\/en\/anschlussfinanzierung-finanzierung\/\" \/>\n<meta property=\"og:locale\" content=\"en_GB\" \/>\n<meta property=\"og:type\" content=\"article\" \/>\n<meta property=\"og:title\" content=\"Anschlussfinanzierung - CF Finanz\" \/>\n<meta property=\"og:description\" content=\"Problem: Zu hohe Zinsen? L\u00f6sung: Anschlussfinanzierung &amp; Umschuldung. Unsere L\u00f6sungen f\u00fcr Ihre Probleme.\" \/>\n<meta property=\"og:url\" content=\"https:\/\/cf-finanz.de\/en\/anschlussfinanzierung-finanzierung\/\" \/>\n<meta property=\"og:site_name\" content=\"CF Finanz\" \/>\n<meta property=\"article:publisher\" content=\"https:\/\/www.facebook.com\/finanzierung.radke\/\" \/>\n<meta property=\"article:modified_time\" content=\"2026-01-05T08:27:04+00:00\" \/>\n<meta property=\"og:image\" content=\"https:\/\/cf-finanz.de\/wp-content\/uploads\/2023\/04\/prolognation-slider-1.jpg\" \/>\n\t<meta property=\"og:image:width\" content=\"2560\" \/>\n\t<meta property=\"og:image:height\" content=\"1051\" \/>\n\t<meta property=\"og:image:type\" content=\"image\/jpeg\" \/>\n<meta name=\"twitter:card\" content=\"summary_large_image\" \/>\n<meta name=\"twitter:label1\" content=\"Estimated reading time\" \/>\n\t<meta name=\"twitter:data1\" content=\"3 minutes\" \/>\n<script type=\"application\/ld+json\" class=\"yoast-schema-graph\">{\"@context\":\"https:\/\/schema.org\",\"@graph\":[{\"@type\":\"WebPage\",\"@id\":\"https:\/\/cf-finanz.de\/anschlussfinanzierung-finanzierung\/\",\"url\":\"https:\/\/cf-finanz.de\/anschlussfinanzierung-finanzierung\/\",\"name\":\"Anschlussfinanzierung - CF Finanz\",\"isPartOf\":{\"@id\":\"https:\/\/cf-finanz.de\/#website\"},\"primaryImageOfPage\":{\"@id\":\"https:\/\/cf-finanz.de\/anschlussfinanzierung-finanzierung\/#primaryimage\"},\"image\":{\"@id\":\"https:\/\/cf-finanz.de\/anschlussfinanzierung-finanzierung\/#primaryimage\"},\"thumbnailUrl\":\"https:\/\/cf-finanz.de\/wp-content\/uploads\/2023\/04\/prolognation-slider-1.jpg\",\"datePublished\":\"2023-04-04T09:29:03+00:00\",\"dateModified\":\"2026-01-05T08:27:04+00:00\",\"description\":\"Problem: Zu hohe Zinsen? L\u00f6sung: Anschlussfinanzierung & Umschuldung. Unsere L\u00f6sungen f\u00fcr Ihre Probleme.\",\"breadcrumb\":{\"@id\":\"https:\/\/cf-finanz.de\/anschlussfinanzierung-finanzierung\/#breadcrumb\"},\"inLanguage\":\"en-GB\",\"potentialAction\":[{\"@type\":\"ReadAction\",\"target\":[\"https:\/\/cf-finanz.de\/anschlussfinanzierung-finanzierung\/\"]}]},{\"@type\":\"ImageObject\",\"inLanguage\":\"en-GB\",\"@id\":\"https:\/\/cf-finanz.de\/anschlussfinanzierung-finanzierung\/#primaryimage\",\"url\":\"https:\/\/cf-finanz.de\/wp-content\/uploads\/2023\/04\/prolognation-slider-1.jpg\",\"contentUrl\":\"https:\/\/cf-finanz.de\/wp-content\/uploads\/2023\/04\/prolognation-slider-1.jpg\",\"width\":2560,\"height\":1051,\"caption\":\"Prolognation - Kreditverl\u00e4ngerung\"},{\"@type\":\"BreadcrumbList\",\"@id\":\"https:\/\/cf-finanz.de\/anschlussfinanzierung-finanzierung\/#breadcrumb\",\"itemListElement\":[{\"@type\":\"ListItem\",\"position\":1,\"name\":\"Startseite\",\"item\":\"https:\/\/cf-finanz.de\/\"},{\"@type\":\"ListItem\",\"position\":2,\"name\":\"Anschlussfinanzierung-Finanzierung\"}]},{\"@type\":\"WebSite\",\"@id\":\"https:\/\/cf-finanz.de\/#website\",\"url\":\"https:\/\/cf-finanz.de\/\",\"name\":\"CF Finanz\",\"description\":\"Baufinanzierung und Kredite in Magdeburg und Sachsen-Anhalt\",\"publisher\":{\"@id\":\"https:\/\/cf-finanz.de\/#organization\"},\"potentialAction\":[{\"@type\":\"SearchAction\",\"target\":{\"@type\":\"EntryPoint\",\"urlTemplate\":\"https:\/\/cf-finanz.de\/?s={search_term_string}\"},\"query-input\":{\"@type\":\"PropertyValueSpecification\",\"valueRequired\":true,\"valueName\":\"search_term_string\"}}],\"inLanguage\":\"en-GB\"},{\"@type\":\"Organization\",\"@id\":\"https:\/\/cf-finanz.de\/#organization\",\"name\":\"Finanzierung Radke\",\"url\":\"https:\/\/cf-finanz.de\/\",\"logo\":{\"@type\":\"ImageObject\",\"inLanguage\":\"en-GB\",\"@id\":\"https:\/\/cf-finanz.de\/#\/schema\/logo\/image\/\",\"url\":\"https:\/\/kredit-baufinanzierung-radke.de\/wp-content\/uploads\/2021\/05\/radwegrunners_1-1.jpg\",\"contentUrl\":\"https:\/\/kredit-baufinanzierung-radke.de\/wp-content\/uploads\/2021\/05\/radwegrunners_1-1.jpg\",\"width\":1417,\"height\":592,\"caption\":\"Finanzierung Radke\"},\"image\":{\"@id\":\"https:\/\/cf-finanz.de\/#\/schema\/logo\/image\/\"},\"sameAs\":[\"https:\/\/www.facebook.com\/finanzierung.radke\/\",\"https:\/\/www.instagram.com\/baufinanzierung_radke\/\"]}]}<\/script>\n<!-- \/ Yoast SEO plugin. -->","yoast_head_json":{"title":"Anschlussfinanzierung - CF Finanz","description":"Problem: Zu hohe Zinsen? L\u00f6sung: Anschlussfinanzierung & Umschuldung. Unsere L\u00f6sungen f\u00fcr Ihre Probleme.","robots":{"index":"index","follow":"follow","max-snippet":"max-snippet:-1","max-image-preview":"max-image-preview:large","max-video-preview":"max-video-preview:-1"},"canonical":"https:\/\/cf-finanz.de\/en\/anschlussfinanzierung-finanzierung\/","og_locale":"en_GB","og_type":"article","og_title":"Anschlussfinanzierung - CF Finanz","og_description":"Problem: Zu hohe Zinsen? L\u00f6sung: Anschlussfinanzierung & Umschuldung. Unsere L\u00f6sungen f\u00fcr Ihre Probleme.","og_url":"https:\/\/cf-finanz.de\/en\/anschlussfinanzierung-finanzierung\/","og_site_name":"CF Finanz","article_publisher":"https:\/\/www.facebook.com\/finanzierung.radke\/","article_modified_time":"2026-01-05T08:27:04+00:00","og_image":[{"width":2560,"height":1051,"url":"https:\/\/cf-finanz.de\/wp-content\/uploads\/2023\/04\/prolognation-slider-1.jpg","type":"image\/jpeg"}],"twitter_card":"summary_large_image","twitter_misc":{"Estimated reading time":"3 minutes"},"schema":{"@context":"https:\/\/schema.org","@graph":[{"@type":"WebPage","@id":"https:\/\/cf-finanz.de\/anschlussfinanzierung-finanzierung\/","url":"https:\/\/cf-finanz.de\/anschlussfinanzierung-finanzierung\/","name":"Anschlussfinanzierung - CF Finanz","isPartOf":{"@id":"https:\/\/cf-finanz.de\/#website"},"primaryImageOfPage":{"@id":"https:\/\/cf-finanz.de\/anschlussfinanzierung-finanzierung\/#primaryimage"},"image":{"@id":"https:\/\/cf-finanz.de\/anschlussfinanzierung-finanzierung\/#primaryimage"},"thumbnailUrl":"https:\/\/cf-finanz.de\/wp-content\/uploads\/2023\/04\/prolognation-slider-1.jpg","datePublished":"2023-04-04T09:29:03+00:00","dateModified":"2026-01-05T08:27:04+00:00","description":"Problem: Zu hohe Zinsen? L\u00f6sung: Anschlussfinanzierung & Umschuldung. Unsere L\u00f6sungen f\u00fcr Ihre Probleme.","breadcrumb":{"@id":"https:\/\/cf-finanz.de\/anschlussfinanzierung-finanzierung\/#breadcrumb"},"inLanguage":"en-GB","potentialAction":[{"@type":"ReadAction","target":["https:\/\/cf-finanz.de\/anschlussfinanzierung-finanzierung\/"]}]},{"@type":"ImageObject","inLanguage":"en-GB","@id":"https:\/\/cf-finanz.de\/anschlussfinanzierung-finanzierung\/#primaryimage","url":"https:\/\/cf-finanz.de\/wp-content\/uploads\/2023\/04\/prolognation-slider-1.jpg","contentUrl":"https:\/\/cf-finanz.de\/wp-content\/uploads\/2023\/04\/prolognation-slider-1.jpg","width":2560,"height":1051,"caption":"Prolognation - Kreditverl\u00e4ngerung"},{"@type":"BreadcrumbList","@id":"https:\/\/cf-finanz.de\/anschlussfinanzierung-finanzierung\/#breadcrumb","itemListElement":[{"@type":"ListItem","position":1,"name":"Startseite","item":"https:\/\/cf-finanz.de\/"},{"@type":"ListItem","position":2,"name":"Anschlussfinanzierung-Finanzierung"}]},{"@type":"WebSite","@id":"https:\/\/cf-finanz.de\/#website","url":"https:\/\/cf-finanz.de\/","name":"CF Finance","description":"Mortgages and loans in Magdeburg and Saxony-Anhalt","publisher":{"@id":"https:\/\/cf-finanz.de\/#organization"},"potentialAction":[{"@type":"SearchAction","target":{"@type":"EntryPoint","urlTemplate":"https:\/\/cf-finanz.de\/?s={search_term_string}"},"query-input":{"@type":"PropertyValueSpecification","valueRequired":true,"valueName":"search_term_string"}}],"inLanguage":"en-GB"},{"@type":"Organization","@id":"https:\/\/cf-finanz.de\/#organization","name":"Financing Radke","url":"https:\/\/cf-finanz.de\/","logo":{"@type":"ImageObject","inLanguage":"en-GB","@id":"https:\/\/cf-finanz.de\/#\/schema\/logo\/image\/","url":"https:\/\/kredit-baufinanzierung-radke.de\/wp-content\/uploads\/2021\/05\/radwegrunners_1-1.jpg","contentUrl":"https:\/\/kredit-baufinanzierung-radke.de\/wp-content\/uploads\/2021\/05\/radwegrunners_1-1.jpg","width":1417,"height":592,"caption":"Finanzierung Radke"},"image":{"@id":"https:\/\/cf-finanz.de\/#\/schema\/logo\/image\/"},"sameAs":["https:\/\/www.facebook.com\/finanzierung.radke\/","https:\/\/www.instagram.com\/baufinanzierung_radke\/"]}]}},"_links":{"self":[{"href":"https:\/\/cf-finanz.de\/en\/wp-json\/wp\/v2\/pages\/5230","targetHints":{"allow":["GET"]}}],"collection":[{"href":"https:\/\/cf-finanz.de\/en\/wp-json\/wp\/v2\/pages"}],"about":[{"href":"https:\/\/cf-finanz.de\/en\/wp-json\/wp\/v2\/types\/page"}],"author":[{"embeddable":true,"href":"https:\/\/cf-finanz.de\/en\/wp-json\/wp\/v2\/users\/2"}],"replies":[{"embeddable":true,"href":"https:\/\/cf-finanz.de\/en\/wp-json\/wp\/v2\/comments?post=5230"}],"version-history":[{"count":10,"href":"https:\/\/cf-finanz.de\/en\/wp-json\/wp\/v2\/pages\/5230\/revisions"}],"predecessor-version":[{"id":8039,"href":"https:\/\/cf-finanz.de\/en\/wp-json\/wp\/v2\/pages\/5230\/revisions\/8039"}],"wp:featuredmedia":[{"embeddable":true,"href":"https:\/\/cf-finanz.de\/en\/wp-json\/wp\/v2\/media\/5518"}],"wp:attachment":[{"href":"https:\/\/cf-finanz.de\/en\/wp-json\/wp\/v2\/media?parent=5230"}],"curies":[{"name":"wp","href":"https:\/\/api.w.org\/{rel}","templated":true}]}}