{"id":5211,"date":"2023-04-04T11:29:01","date_gmt":"2023-04-04T09:29:01","guid":{"rendered":"https:\/\/kredit-baufinanzierung-radke.de\/soziales-engagement\/"},"modified":"2023-04-06T14:18:46","modified_gmt":"2023-04-06T12:18:46","slug":"soziales-engagement","status":"publish","type":"page","link":"https:\/\/cf-finanz.de\/en\/soziales-engagement\/","title":{"rendered":"Social commitment"},"content":{"rendered":"<div data-elementor-type=\"wp-page\" data-elementor-id=\"5211\" class=\"elementor elementor-5211\" data-elementor-post-type=\"page\">\n\t\t\t\t<div class=\"elementor-element elementor-element-205a5ab0 e-con-full e-flex e-con e-parent\" data-id=\"205a5ab0\" data-element_type=\"container\" data-settings=\"{&quot;background_background&quot;:&quot;classic&quot;}\">\n\t\t\t\t<\/div>\n\t\t<div class=\"elementor-element elementor-element-18f4e6e7 e-flex e-con-boxed e-con e-parent\" data-id=\"18f4e6e7\" data-element_type=\"container\">\n\t\t\t\t\t<div class=\"e-con-inner\">\n\t\t<div class=\"elementor-element elementor-element-6a6343dd e-con-full e-flex e-con e-child\" data-id=\"6a6343dd\" data-element_type=\"container\">\n\t\t\t\t<div class=\"elementor-element elementor-element-732811dd elementor-widget elementor-widget-elementskit-heading\" data-id=\"732811dd\" data-element_type=\"widget\" data-widget_type=\"elementskit-heading.default\">\n\t\t\t\t\t<div class=\"ekit-wid-con\" ><div class=\"ekit-heading elementskit-section-title-wraper text_left   ekit_heading_tablet-   ekit_heading_mobile-\"><h1 class=\"ekit-heading--title elementskit-section-title\">Partner<\/h1><\/div><\/div>\t\t\t\t<\/div>\n\t\t\t\t<div class=\"elementor-element elementor-element-790e283f elementor-widget elementor-widget-elementskit-heading\" data-id=\"790e283f\" data-element_type=\"widget\" data-widget_type=\"elementskit-heading.default\">\n\t\t\t\t\t<div class=\"ekit-wid-con\" ><div class=\"ekit-heading elementskit-section-title-wraper text_left   ekit_heading_tablet-   ekit_heading_mobile-\"><h1 class=\"ekit-heading--title elementskit-section-title\">Social commitment<\/h1><\/div><\/div>\t\t\t\t<\/div>\n\t\t\t\t<\/div>\n\t\t\t\t\t<\/div>\n\t\t\t\t<\/div>\n\t\t<div class=\"elementor-element elementor-element-2886e55c e-flex e-con-boxed e-con e-parent\" data-id=\"2886e55c\" data-element_type=\"container\">\n\t\t\t\t\t<div class=\"e-con-inner\">\n\t\t<div class=\"elementor-element elementor-element-7548ac1e e-con-full e-flex e-con e-child\" data-id=\"7548ac1e\" data-element_type=\"container\">\n\t\t\t\t<div class=\"elementor-element elementor-element-1a3e9173 elementor-widget elementor-widget-text-editor\" data-id=\"1a3e9173\" data-element_type=\"widget\" data-widget_type=\"text-editor.default\">\n\t\t\t\t\t\t\t\t\tWith our work in the area of financial services, we combine profitable business with sustainable solutions. In this respect, we demonstrate social commitment and want to fulfil our role model function for Magdeburg and the whole of Saxony-Anhalt. In this respect, we are endeavouring to create a little more justice and to provide good approaches for fair and sustainable development.\n<br\/>\nWe remain true to our motto: \"from the region for the region\".\t\t\t\t\t\t\t\t<\/div>\n\t\t\t\t<\/div>\n\t\t\t\t\t<\/div>\n\t\t\t\t<\/div>\n\t\t<div class=\"elementor-element elementor-element-4e03358c e-flex e-con-boxed e-con e-parent\" data-id=\"4e03358c\" data-element_type=\"container\">\n\t\t\t\t\t<div class=\"e-con-inner\">\n\t\t<div class=\"elementor-element elementor-element-20383327 e-con-full e-flex e-con e-child\" data-id=\"20383327\" data-element_type=\"container\">\n\t\t\t\t<div class=\"elementor-element elementor-element-352eda8b elementor-widget elementor-widget-image\" data-id=\"352eda8b\" data-element_type=\"widget\" data-widget_type=\"image.default\">\n\t\t\t\t\t\t\t\t\t\t\t\t\t\t\t<img fetchpriority=\"high\" decoding=\"async\" width=\"500\" height=\"215\" src=\"https:\/\/cf-finanz.de\/wp-content\/uploads\/2023\/04\/soz_7.jpg\" class=\"attachment-large size-large wp-image-4474\" alt=\"\" \/>\t\t\t\t\t\t\t\t\t\t\t\t\t\t\t<\/div>\n\t\t\t\t<\/div>\n\t\t<div class=\"elementor-element elementor-element-486ee636 e-con-full e-flex e-con e-child\" data-id=\"486ee636\" data-element_type=\"container\">\n\t\t\t\t<div class=\"elementor-element elementor-element-66c62518 elementor-widget elementor-widget-image\" data-id=\"66c62518\" data-element_type=\"widget\" data-widget_type=\"image.default\">\n\t\t\t\t\t\t\t\t\t\t\t\t\t\t\t<img decoding=\"async\" width=\"500\" height=\"215\" src=\"https:\/\/cf-finanz.de\/wp-content\/uploads\/2023\/04\/soz_2.jpg\" class=\"attachment-large size-large wp-image-4475\" alt=\"\" \/>\t\t\t\t\t\t\t\t\t\t\t\t\t\t\t<\/div>\n\t\t\t\t<\/div>\n\t\t<div class=\"elementor-element elementor-element-75c88069 e-con-full e-flex e-con e-child\" data-id=\"75c88069\" data-element_type=\"container\">\n\t\t\t\t<div class=\"elementor-element elementor-element-6616ac81 elementor-widget elementor-widget-image\" data-id=\"6616ac81\" data-element_type=\"widget\" data-widget_type=\"image.default\">\n\t\t\t\t\t\t\t\t\t\t\t\t\t\t\t<img decoding=\"async\" width=\"500\" height=\"215\" src=\"https:\/\/cf-finanz.de\/wp-content\/uploads\/2023\/04\/soz_5.jpg\" class=\"attachment-large size-large wp-image-4476\" alt=\"\" \/>\t\t\t\t\t\t\t\t\t\t\t\t\t\t\t<\/div>\n\t\t\t\t<\/div>\n\t\t<div class=\"elementor-element elementor-element-6e539294 e-con-full e-flex e-con e-child\" data-id=\"6e539294\" data-element_type=\"container\">\n\t\t\t\t<div class=\"elementor-element elementor-element-3c3cec28 elementor-widget elementor-widget-image\" data-id=\"3c3cec28\" data-element_type=\"widget\" data-widget_type=\"image.default\">\n\t\t\t\t\t\t\t\t\t\t\t\t\t\t\t<img loading=\"lazy\" decoding=\"async\" width=\"500\" height=\"215\" src=\"https:\/\/cf-finanz.de\/wp-content\/uploads\/2023\/04\/soz_4.jpg\" class=\"attachment-large size-large wp-image-4477\" alt=\"\" \/>\t\t\t\t\t\t\t\t\t\t\t\t\t\t\t<\/div>\n\t\t\t\t<\/div>\n\t\t\t\t\t<\/div>\n\t\t\t\t<\/div>\n\t\t<div class=\"elementor-element elementor-element-515a2da8 e-flex e-con-boxed e-con e-parent\" data-id=\"515a2da8\" data-element_type=\"container\">\n\t\t\t\t\t<div class=\"e-con-inner\">\n\t\t<div class=\"elementor-element elementor-element-4d24fb40 e-con-full e-flex e-con e-child\" data-id=\"4d24fb40\" data-element_type=\"container\">\n\t\t\t\t<div class=\"elementor-element elementor-element-3670e5c2 elementor-widget elementor-widget-image\" data-id=\"3670e5c2\" data-element_type=\"widget\" data-widget_type=\"image.default\">\n\t\t\t\t\t\t\t\t\t\t\t\t\t\t\t<img loading=\"lazy\" decoding=\"async\" width=\"500\" height=\"215\" src=\"https:\/\/cf-finanz.de\/wp-content\/uploads\/2023\/04\/soz_1.jpg\" class=\"attachment-large size-large wp-image-4478\" alt=\"\" \/>\t\t\t\t\t\t\t\t\t\t\t\t\t\t\t<\/div>\n\t\t\t\t<\/div>\n\t\t<div class=\"elementor-element elementor-element-3a065d81 e-con-full e-flex e-con e-child\" data-id=\"3a065d81\" data-element_type=\"container\">\n\t\t\t\t<div class=\"elementor-element elementor-element-f0911b7 elementor-widget elementor-widget-image\" data-id=\"f0911b7\" data-element_type=\"widget\" data-widget_type=\"image.default\">\n\t\t\t\t\t\t\t\t\t\t\t\t\t\t\t<img loading=\"lazy\" decoding=\"async\" width=\"500\" height=\"215\" src=\"https:\/\/cf-finanz.de\/wp-content\/uploads\/2023\/04\/soz_3.jpg\" class=\"attachment-large size-large wp-image-4479\" alt=\"\" \/>\t\t\t\t\t\t\t\t\t\t\t\t\t\t\t<\/div>\n\t\t\t\t<\/div>\n\t\t<div class=\"elementor-element elementor-element-3c8870e0 e-con-full e-flex e-con e-child\" data-id=\"3c8870e0\" data-element_type=\"container\">\n\t\t\t\t<\/div>\n\t\t<div class=\"elementor-element elementor-element-5aa8e577 e-con-full e-flex e-con e-child\" data-id=\"5aa8e577\" data-element_type=\"container\">\n\t\t\t\t<\/div>\n\t\t\t\t\t<\/div>\n\t\t\t\t<\/div>\n\t\t\t\t<\/div>","protected":false},"excerpt":{"rendered":"<p>Partner Soziales Engagement Mit unserer Arbeit im Bereich der Finanzdienstleistungen verbinden wir profitable Gesch\u00e4fte mit nachhaltigen L\u00f6sungen. In dieser Hinsicht zeigen wir soziales Engagement und m\u00f6chten unserer Vorbildfunktion f\u00fcr Magdeburg und ganz Sachsen Anhalt nachkommen. Wir bem\u00fchen uns in dieser Hinsicht darum, etwas mehr Gerechtigkeit zu schaffen und an guten Ans\u00e4tzen f\u00fcr eine faire und [&hellip;]<\/p>","protected":false},"author":2,"featured_media":5142,"parent":0,"menu_order":0,"comment_status":"closed","ping_status":"closed","template":"elementor_header_footer","meta":{"_acf_changed":false,"footnotes":""},"class_list":["post-5211","page","type-page","status-publish","has-post-thumbnail","hentry"],"acf":[],"yoast_head":"<!-- This site is optimized with the Yoast SEO plugin v26.7 - https:\/\/yoast.com\/wordpress\/plugins\/seo\/ -->\n<title>Soziales Engagement - CF Finanz<\/title>\n<meta name=\"description\" content=\"Mit unserer Arbeit im Bereich der Finanzdienstleistungen verbinden wir profitable Gesch\u00e4fte mit nachhaltigen L\u00f6sungen.\" \/>\n<meta name=\"robots\" content=\"index, follow, max-snippet:-1, max-image-preview:large, max-video-preview:-1\" \/>\n<link rel=\"canonical\" href=\"https:\/\/cf-finanz.de\/en\/soziales-engagement\/\" \/>\n<meta property=\"og:locale\" content=\"en_GB\" \/>\n<meta property=\"og:type\" content=\"article\" \/>\n<meta property=\"og:title\" content=\"Soziales Engagement - CF Finanz\" \/>\n<meta property=\"og:description\" content=\"Mit unserer Arbeit im Bereich der Finanzdienstleistungen verbinden wir profitable Gesch\u00e4fte mit nachhaltigen L\u00f6sungen.\" \/>\n<meta property=\"og:url\" content=\"https:\/\/cf-finanz.de\/en\/soziales-engagement\/\" \/>\n<meta property=\"og:site_name\" content=\"CF Finanz\" \/>\n<meta property=\"article:publisher\" content=\"https:\/\/www.facebook.com\/finanzierung.radke\/\" \/>\n<meta property=\"article:modified_time\" content=\"2023-04-06T12:18:46+00:00\" \/>\n<meta property=\"og:image\" content=\"https:\/\/cf-finanz.de\/wp-content\/uploads\/2023\/04\/partner-slider.jpg\" \/>\n\t<meta property=\"og:image:width\" content=\"2560\" \/>\n\t<meta property=\"og:image:height\" content=\"779\" \/>\n\t<meta property=\"og:image:type\" content=\"image\/jpeg\" \/>\n<meta name=\"twitter:card\" content=\"summary_large_image\" \/>\n<meta name=\"twitter:label1\" content=\"Estimated reading time\" \/>\n\t<meta name=\"twitter:data1\" content=\"2 minutes\" \/>\n<script type=\"application\/ld+json\" class=\"yoast-schema-graph\">{\"@context\":\"https:\/\/schema.org\",\"@graph\":[{\"@type\":\"WebPage\",\"@id\":\"https:\/\/cf-finanz.de\/soziales-engagement\/\",\"url\":\"https:\/\/cf-finanz.de\/soziales-engagement\/\",\"name\":\"Soziales Engagement - CF Finanz\",\"isPartOf\":{\"@id\":\"https:\/\/cf-finanz.de\/#website\"},\"primaryImageOfPage\":{\"@id\":\"https:\/\/cf-finanz.de\/soziales-engagement\/#primaryimage\"},\"image\":{\"@id\":\"https:\/\/cf-finanz.de\/soziales-engagement\/#primaryimage\"},\"thumbnailUrl\":\"https:\/\/cf-finanz.de\/wp-content\/uploads\/2023\/04\/partner-slider.jpg\",\"datePublished\":\"2023-04-04T09:29:01+00:00\",\"dateModified\":\"2023-04-06T12:18:46+00:00\",\"description\":\"Mit unserer Arbeit im Bereich der Finanzdienstleistungen verbinden wir profitable Gesch\u00e4fte mit nachhaltigen L\u00f6sungen.\",\"breadcrumb\":{\"@id\":\"https:\/\/cf-finanz.de\/soziales-engagement\/#breadcrumb\"},\"inLanguage\":\"en-GB\",\"potentialAction\":[{\"@type\":\"ReadAction\",\"target\":[\"https:\/\/cf-finanz.de\/soziales-engagement\/\"]}]},{\"@type\":\"ImageObject\",\"inLanguage\":\"en-GB\",\"@id\":\"https:\/\/cf-finanz.de\/soziales-engagement\/#primaryimage\",\"url\":\"https:\/\/cf-finanz.de\/wp-content\/uploads\/2023\/04\/partner-slider.jpg\",\"contentUrl\":\"https:\/\/cf-finanz.de\/wp-content\/uploads\/2023\/04\/partner-slider.jpg\",\"width\":2560,\"height\":779},{\"@type\":\"BreadcrumbList\",\"@id\":\"https:\/\/cf-finanz.de\/soziales-engagement\/#breadcrumb\",\"itemListElement\":[{\"@type\":\"ListItem\",\"position\":1,\"name\":\"Startseite\",\"item\":\"https:\/\/cf-finanz.de\/\"},{\"@type\":\"ListItem\",\"position\":2,\"name\":\"Soziales Engagement\"}]},{\"@type\":\"WebSite\",\"@id\":\"https:\/\/cf-finanz.de\/#website\",\"url\":\"https:\/\/cf-finanz.de\/\",\"name\":\"CF Finanz\",\"description\":\"Baufinanzierung und Kredite in Magdeburg und Sachsen-Anhalt\",\"publisher\":{\"@id\":\"https:\/\/cf-finanz.de\/#organization\"},\"potentialAction\":[{\"@type\":\"SearchAction\",\"target\":{\"@type\":\"EntryPoint\",\"urlTemplate\":\"https:\/\/cf-finanz.de\/?s={search_term_string}\"},\"query-input\":{\"@type\":\"PropertyValueSpecification\",\"valueRequired\":true,\"valueName\":\"search_term_string\"}}],\"inLanguage\":\"en-GB\"},{\"@type\":\"Organization\",\"@id\":\"https:\/\/cf-finanz.de\/#organization\",\"name\":\"Finanzierung Radke\",\"url\":\"https:\/\/cf-finanz.de\/\",\"logo\":{\"@type\":\"ImageObject\",\"inLanguage\":\"en-GB\",\"@id\":\"https:\/\/cf-finanz.de\/#\/schema\/logo\/image\/\",\"url\":\"https:\/\/kredit-baufinanzierung-radke.de\/wp-content\/uploads\/2021\/05\/radwegrunners_1-1.jpg\",\"contentUrl\":\"https:\/\/kredit-baufinanzierung-radke.de\/wp-content\/uploads\/2021\/05\/radwegrunners_1-1.jpg\",\"width\":1417,\"height\":592,\"caption\":\"Finanzierung Radke\"},\"image\":{\"@id\":\"https:\/\/cf-finanz.de\/#\/schema\/logo\/image\/\"},\"sameAs\":[\"https:\/\/www.facebook.com\/finanzierung.radke\/\",\"https:\/\/www.instagram.com\/baufinanzierung_radke\/\"]}]}<\/script>\n<!-- \/ Yoast SEO plugin. -->","yoast_head_json":{"title":"Soziales Engagement - CF Finanz","description":"Mit unserer Arbeit im Bereich der Finanzdienstleistungen verbinden wir profitable Gesch\u00e4fte mit nachhaltigen L\u00f6sungen.","robots":{"index":"index","follow":"follow","max-snippet":"max-snippet:-1","max-image-preview":"max-image-preview:large","max-video-preview":"max-video-preview:-1"},"canonical":"https:\/\/cf-finanz.de\/en\/soziales-engagement\/","og_locale":"en_GB","og_type":"article","og_title":"Soziales Engagement - CF Finanz","og_description":"Mit unserer Arbeit im Bereich der Finanzdienstleistungen verbinden wir profitable Gesch\u00e4fte mit nachhaltigen L\u00f6sungen.","og_url":"https:\/\/cf-finanz.de\/en\/soziales-engagement\/","og_site_name":"CF Finanz","article_publisher":"https:\/\/www.facebook.com\/finanzierung.radke\/","article_modified_time":"2023-04-06T12:18:46+00:00","og_image":[{"width":2560,"height":779,"url":"https:\/\/cf-finanz.de\/wp-content\/uploads\/2023\/04\/partner-slider.jpg","type":"image\/jpeg"}],"twitter_card":"summary_large_image","twitter_misc":{"Estimated reading time":"2 minutes"},"schema":{"@context":"https:\/\/schema.org","@graph":[{"@type":"WebPage","@id":"https:\/\/cf-finanz.de\/soziales-engagement\/","url":"https:\/\/cf-finanz.de\/soziales-engagement\/","name":"Soziales Engagement - CF Finanz","isPartOf":{"@id":"https:\/\/cf-finanz.de\/#website"},"primaryImageOfPage":{"@id":"https:\/\/cf-finanz.de\/soziales-engagement\/#primaryimage"},"image":{"@id":"https:\/\/cf-finanz.de\/soziales-engagement\/#primaryimage"},"thumbnailUrl":"https:\/\/cf-finanz.de\/wp-content\/uploads\/2023\/04\/partner-slider.jpg","datePublished":"2023-04-04T09:29:01+00:00","dateModified":"2023-04-06T12:18:46+00:00","description":"Mit unserer Arbeit im Bereich der Finanzdienstleistungen verbinden wir profitable Gesch\u00e4fte mit nachhaltigen L\u00f6sungen.","breadcrumb":{"@id":"https:\/\/cf-finanz.de\/soziales-engagement\/#breadcrumb"},"inLanguage":"en-GB","potentialAction":[{"@type":"ReadAction","target":["https:\/\/cf-finanz.de\/soziales-engagement\/"]}]},{"@type":"ImageObject","inLanguage":"en-GB","@id":"https:\/\/cf-finanz.de\/soziales-engagement\/#primaryimage","url":"https:\/\/cf-finanz.de\/wp-content\/uploads\/2023\/04\/partner-slider.jpg","contentUrl":"https:\/\/cf-finanz.de\/wp-content\/uploads\/2023\/04\/partner-slider.jpg","width":2560,"height":779},{"@type":"BreadcrumbList","@id":"https:\/\/cf-finanz.de\/soziales-engagement\/#breadcrumb","itemListElement":[{"@type":"ListItem","position":1,"name":"Startseite","item":"https:\/\/cf-finanz.de\/"},{"@type":"ListItem","position":2,"name":"Soziales Engagement"}]},{"@type":"WebSite","@id":"https:\/\/cf-finanz.de\/#website","url":"https:\/\/cf-finanz.de\/","name":"CF Finance","description":"Mortgages and loans in Magdeburg and Saxony-Anhalt","publisher":{"@id":"https:\/\/cf-finanz.de\/#organization"},"potentialAction":[{"@type":"SearchAction","target":{"@type":"EntryPoint","urlTemplate":"https:\/\/cf-finanz.de\/?s={search_term_string}"},"query-input":{"@type":"PropertyValueSpecification","valueRequired":true,"valueName":"search_term_string"}}],"inLanguage":"en-GB"},{"@type":"Organization","@id":"https:\/\/cf-finanz.de\/#organization","name":"Financing Radke","url":"https:\/\/cf-finanz.de\/","logo":{"@type":"ImageObject","inLanguage":"en-GB","@id":"https:\/\/cf-finanz.de\/#\/schema\/logo\/image\/","url":"https:\/\/kredit-baufinanzierung-radke.de\/wp-content\/uploads\/2021\/05\/radwegrunners_1-1.jpg","contentUrl":"https:\/\/kredit-baufinanzierung-radke.de\/wp-content\/uploads\/2021\/05\/radwegrunners_1-1.jpg","width":1417,"height":592,"caption":"Finanzierung Radke"},"image":{"@id":"https:\/\/cf-finanz.de\/#\/schema\/logo\/image\/"},"sameAs":["https:\/\/www.facebook.com\/finanzierung.radke\/","https:\/\/www.instagram.com\/baufinanzierung_radke\/"]}]}},"_links":{"self":[{"href":"https:\/\/cf-finanz.de\/en\/wp-json\/wp\/v2\/pages\/5211","targetHints":{"allow":["GET"]}}],"collection":[{"href":"https:\/\/cf-finanz.de\/en\/wp-json\/wp\/v2\/pages"}],"about":[{"href":"https:\/\/cf-finanz.de\/en\/wp-json\/wp\/v2\/types\/page"}],"author":[{"embeddable":true,"href":"https:\/\/cf-finanz.de\/en\/wp-json\/wp\/v2\/users\/2"}],"replies":[{"embeddable":true,"href":"https:\/\/cf-finanz.de\/en\/wp-json\/wp\/v2\/comments?post=5211"}],"version-history":[{"count":6,"href":"https:\/\/cf-finanz.de\/en\/wp-json\/wp\/v2\/pages\/5211\/revisions"}],"predecessor-version":[{"id":5420,"href":"https:\/\/cf-finanz.de\/en\/wp-json\/wp\/v2\/pages\/5211\/revisions\/5420"}],"wp:featuredmedia":[{"embeddable":true,"href":"https:\/\/cf-finanz.de\/en\/wp-json\/wp\/v2\/media\/5142"}],"wp:attachment":[{"href":"https:\/\/cf-finanz.de\/en\/wp-json\/wp\/v2\/media?parent=5211"}],"curies":[{"name":"wp","href":"https:\/\/api.w.org\/{rel}","templated":true}]}}